{"id":624,"date":"2025-06-12T03:04:16","date_gmt":"2025-06-12T03:04:16","guid":{"rendered":"https:\/\/ltechcomposite.com\/product\/15-6-fhd-display-laptop-intel-i7-intel-hd-graphics-6000-webcam-wifi-bluetooth-hdmi-windows-11grey\/"},"modified":"2025-10-03T16:28:14","modified_gmt":"2025-10-03T16:28:14","slug":"mousse-pvc-ltech","status":"publish","type":"product","link":"https:\/\/ltechcomposite.com\/fr\/produit\/mousse-pvc-ltech\/","title":{"rendered":"Mousse PVC Ltech"},"content":{"rendered":"<p>La s\u00e9rie Ltech est une mousse structurelle en PVC rigide r\u00e9ticul\u00e9 \u00e0 cellules ferm\u00e9es. Elle pr\u00e9sente d&#039;excellentes propri\u00e9t\u00e9s de rigidit\u00e9, de r\u00e9sistance sp\u00e9cifique, de r\u00e9sistance \u00e0 la fatigue et aux chocs, ainsi qu&#039;une tr\u00e8s faible absorption d&#039;eau, et contribue \u00e0 l&#039;isolation phonique et thermique. La s\u00e9rie Cinon adopte un proc\u00e9d\u00e9 de moussage en suspension aqueuse, ce qui rend la structure r\u00e9ticul\u00e9e de la mousse compl\u00e8te et uniforme\u00a0; elle \u00e9vite ainsi le gauchissement du panneau d&#039;origine et les dommages \u00e0 la structure interne caus\u00e9s par le pressage \u00e0 chaud et le nivellement. De plus, elle pr\u00e9sente une bonne stabilit\u00e9 dimensionnelle et une bonne aptitude \u00e0 la mise en \u0153uvre, ce qui la rend adapt\u00e9e \u00e0 divers proc\u00e9d\u00e9s de fabrication de structures sandwich et compatible avec divers syst\u00e8mes de r\u00e9sine.<\/p>\n<p>C&#039;est un mat\u00e9riau de base id\u00e9al pour les structures composites sandwich l\u00e9g\u00e8res et hautement r\u00e9sistantes. Sa temp\u00e9rature de traitement est comprise entre -240 \u00b0C et +120 \u00b0C, et sa temp\u00e9rature d&#039;utilisation \u00e0 long terme est comprise entre -240 \u00b0C et +80 \u00b0C. La mousse est r\u00e9sistante \u00e0 l&#039;humidit\u00e9 et \u00e0 la moisissure et poss\u00e8de d&#039;excellentes propri\u00e9t\u00e9s ignifuges. Les produits de la s\u00e9rie Cinon sont disponibles dans des densit\u00e9s allant de 45 kg\/m\u00b3 \u00e0 300 kg\/m\u00b3 et sont largement utilis\u00e9s dans les secteurs de l&#039;\u00e9nergie \u00e9olienne, de la marine, des \u00e9quipements sportifs, des locomotives ferroviaires et de l&#039;a\u00e9ronautique.<\/p>\n<table style=\"border-collapse: collapse; width: 727.22pt;\" border=\"0\" width=\"1212\" cellspacing=\"0\" cellpadding=\"0\">\n<tbody>\n<tr style=\"height: 15.60pt;\">\n<td class=\"et2\" style=\"height: 15.60pt; width: 95.20pt;\" width=\"158\" height=\"26\">Taper<\/td>\n<td class=\"et3\" style=\"width: 65.50pt;\" width=\"109\">Standard<\/td>\n<td class=\"et3\" style=\"width: 54.00pt;\" width=\"90\">Unit\u00e9<\/td>\n<td class=\"et3\" style=\"width: 75.60pt;\" width=\"126\">R\u00e9sultat<\/td>\n<td class=\"et3\" style=\"width: 48.60pt;\" width=\"81\">HX45<\/td>\n<td class=\"et3\" style=\"width: 48.60pt;\" width=\"81\">HX50<\/td>\n<td class=\"et3\" style=\"width: 48.60pt;\" width=\"81\">HX60<\/td>\n<td class=\"et3\" style=\"width: 48.60pt;\" width=\"81\">HX80<\/td>\n<td class=\"et3\" style=\"width: 48.60pt;\" width=\"81\">HX100<\/td>\n<td class=\"et3\" style=\"width: 48.60pt;\" width=\"81\">HX130<\/td>\n<td class=\"et3\" style=\"width: 48.60pt;\" width=\"81\">HX200<\/td>\n<td class=\"et3\" style=\"width: 48.60pt;\" width=\"81\">HX250<\/td>\n<td class=\"et12\" style=\"width: 48.60pt;\" width=\"81\">HX300<\/td>\n<\/tr>\n<tr style=\"height: 14.40pt;\">\n<td class=\"et4\" style=\"height: 28.80pt; border-bottom: .5pt solid #000000;\" rowspan=\"2\" height=\"48\">Densit\u00e9<\/td>\n<td class=\"et5\" style=\"border-bottom: .5pt solid #000000;\" rowspan=\"2\">ISO 845<\/td>\n<td class=\"et5\" style=\"border-bottom: .5pt solid #000000;\" rowspan=\"2\">kg\/m\u00b3<\/td>\n<td class=\"et6\">Valeur moyenne<\/td>\n<td class=\"et6\">45<\/td>\n<td class=\"et6\">50<\/td>\n<td class=\"et6\">60<\/td>\n<td class=\"et6\">80<\/td>\n<td class=\"et6\">100<\/td>\n<td class=\"et6\">130<\/td>\n<td class=\"et6\">200<\/td>\n<td class=\"et6\">250<\/td>\n<td class=\"et13\">300<\/td>\n<\/tr>\n<tr style=\"height: 14.40pt;\">\n<td class=\"et6\">Gamme<\/td>\n<td class=\"et6\">40-45<\/td>\n<td class=\"et6\">45-55<\/td>\n<td class=\"et6\">54-69<\/td>\n<td class=\"et6\">72-92<\/td>\n<td class=\"et6\">90-110<\/td>\n<td class=\"et6\">120-150<\/td>\n<td class=\"et6\">180-220<\/td>\n<td class=\"et6\">225-275<\/td>\n<td class=\"et13\">280-320<\/td>\n<\/tr>\n<tr style=\"height: 14.40pt;\">\n<td class=\"et4\" style=\"height: 28.80pt; border-bottom: .5pt solid #000000;\" rowspan=\"2\" height=\"48\">Force de compression<\/td>\n<td class=\"et5\" style=\"border-bottom: .5pt solid #000000;\" rowspan=\"2\">ISO 844:2006<\/td>\n<td class=\"et5\" style=\"border-bottom: .5pt solid #000000;\" rowspan=\"2\">MPA<\/td>\n<td class=\"et6\">Valeur moyenne<\/td>\n<td class=\"et6\">0.68<\/td>\n<td class=\"et6\">0.78<\/td>\n<td class=\"et6\">0.99<\/td>\n<td class=\"et6\">1.72<\/td>\n<td class=\"et6\">2.08<\/td>\n<td class=\"et6\">3.19<\/td>\n<td class=\"et6\">5.11<\/td>\n<td class=\"et6\">6.8<\/td>\n<td class=\"et13\">8.9<\/td>\n<\/tr>\n<tr style=\"height: 14.40pt;\">\n<td class=\"et6\">Valeur minimale<\/td>\n<td class=\"et6\">0.56<\/td>\n<td class=\"et6\">0.69<\/td>\n<td class=\"et6\">0.88<\/td>\n<td class=\"et6\">1.63<\/td>\n<td class=\"et6\">1.9<\/td>\n<td class=\"et6\">2.61<\/td>\n<td class=\"et6\">4.69<\/td>\n<td class=\"et6\">6.2<\/td>\n<td class=\"et13\">7.6<\/td>\n<\/tr>\n<tr style=\"height: 14.40pt;\">\n<td class=\"et4\" style=\"height: 28.80pt; border-bottom: .5pt solid #000000;\" rowspan=\"2\" height=\"48\">Module d&#039;\u00e9lasticit\u00e9 en compression<\/td>\n<td class=\"et5\" style=\"border-bottom: .5pt solid #000000;\" rowspan=\"2\">ISO 844:2006<\/td>\n<td class=\"et5\" style=\"border-bottom: .5pt solid #000000;\" rowspan=\"2\">MPA<\/td>\n<td class=\"et6\">Valeur moyenne<\/td>\n<td class=\"et6\">48<\/td>\n<td class=\"et6\">63<\/td>\n<td class=\"et6\">87.4<\/td>\n<td class=\"et6\">135<\/td>\n<td class=\"et6\">158<\/td>\n<td class=\"et6\">195<\/td>\n<td class=\"et6\">313<\/td>\n<td class=\"et6\">370<\/td>\n<td class=\"et13\">460<\/td>\n<\/tr>\n<tr style=\"height: 14.40pt;\">\n<td class=\"et6\">Valeur minimale<\/td>\n<td class=\"et6\">36<\/td>\n<td class=\"et6\">50<\/td>\n<td class=\"et6\">76<\/td>\n<td class=\"et6\">122<\/td>\n<td class=\"et6\">139<\/td>\n<td class=\"et6\">173<\/td>\n<td class=\"et6\">274<\/td>\n<td class=\"et6\">343<\/td>\n<td class=\"et13\">390<\/td>\n<\/tr>\n<tr style=\"height: 14.40pt;\">\n<td class=\"et4\" style=\"height: 28.80pt; border-bottom: .5pt solid #000000;\" rowspan=\"2\" height=\"48\">R\u00e9sistance au cisaillement<\/td>\n<td class=\"et5\" style=\"border-bottom: .5pt solid #000000;\" rowspan=\"2\">ISO 1922:2012<\/td>\n<td class=\"et5\" style=\"border-bottom: .5pt solid #000000;\" rowspan=\"2\">MPA<\/td>\n<td class=\"et6\">Valeur moyenne<\/td>\n<td class=\"et6\">0.55<\/td>\n<td class=\"et6\">0.73<\/td>\n<td class=\"et6\">0.94<\/td>\n<td class=\"et6\">1.23<\/td>\n<td class=\"et6\">1.66<\/td>\n<td class=\"et6\">2.42<\/td>\n<td class=\"et6\">3.32<\/td>\n<td class=\"et6\">4.19<\/td>\n<td class=\"et13\">4.91<\/td>\n<\/tr>\n<tr style=\"height: 14.40pt;\">\n<td class=\"et6\">Valeur minimale<\/td>\n<td class=\"et6\">0.47<\/td>\n<td class=\"et6\">0.61<\/td>\n<td class=\"et6\">0.85<\/td>\n<td class=\"et6\">1.11<\/td>\n<td class=\"et6\">1.48<\/td>\n<td class=\"et6\">2.13<\/td>\n<td class=\"et6\">3.03<\/td>\n<td class=\"et6\">3.52<\/td>\n<td class=\"et13\">4.32<\/td>\n<\/tr>\n<tr style=\"height: 14.40pt;\">\n<td class=\"et4\" style=\"height: 28.80pt; border-bottom: .5pt solid #000000;\" rowspan=\"2\" height=\"48\">Module d&#039;\u00e9lasticit\u00e9 en cisaillement<\/td>\n<td class=\"et5\" style=\"border-bottom: .5pt solid #000000;\" rowspan=\"2\">ISO 1922:2012<\/td>\n<td class=\"et5\" style=\"border-bottom: .5pt solid #000000;\" rowspan=\"2\">MPA<\/td>\n<td class=\"et6\">Valeur moyenne<\/td>\n<td class=\"et6\">16<\/td>\n<td class=\"et6\">21<\/td>\n<td class=\"et6\">27<\/td>\n<td class=\"et6\">33.9<\/td>\n<td class=\"et6\">42<\/td>\n<td class=\"et6\">62<\/td>\n<td class=\"et6\">83<\/td>\n<td class=\"et6\">98<\/td>\n<td class=\"et13\">129<\/td>\n<\/tr>\n<tr style=\"height: 14.40pt;\">\n<td class=\"et6\">Valeur minimale<\/td>\n<td class=\"et6\">14<\/td>\n<td class=\"et6\">16<\/td>\n<td class=\"et6\">23<\/td>\n<td class=\"et6\">28<\/td>\n<td class=\"et6\">34<\/td>\n<td class=\"et6\">51<\/td>\n<td class=\"et6\">72<\/td>\n<td class=\"et6\">86<\/td>\n<td class=\"et13\">108<\/td>\n<\/tr>\n<tr style=\"height: 14.40pt;\">\n<td class=\"et4\" style=\"height: 28.80pt; border-bottom: .5pt solid #000000;\" rowspan=\"2\" height=\"48\">R\u00e9sistance \u00e0 la traction<\/td>\n<td class=\"et5\" style=\"border-bottom: .5pt solid #000000;\" rowspan=\"2\">ASTM C297<\/td>\n<td class=\"et5\" style=\"border-bottom: .5pt solid #000000;\" rowspan=\"2\">MPA<\/td>\n<td class=\"et6\">Valeur moyenne<\/td>\n<td class=\"et6\">0.96<\/td>\n<td class=\"et6\">1.36<\/td>\n<td class=\"et6\">1.81<\/td>\n<td class=\"et6\">2.82<\/td>\n<td class=\"et6\">3.23<\/td>\n<td class=\"et6\">4.21<\/td>\n<td class=\"et6\">5.23<\/td>\n<td class=\"et6\">7.68<\/td>\n<td class=\"et13\">9.65<\/td>\n<\/tr>\n<tr style=\"height: 14.40pt;\">\n<td class=\"et6\">Valeur minimale<\/td>\n<td class=\"et6\">0.83<\/td>\n<td class=\"et6\">1.02<\/td>\n<td class=\"et6\">1.69<\/td>\n<td class=\"et6\">2.33<\/td>\n<td class=\"et6\">2.96<\/td>\n<td class=\"et6\">3.22<\/td>\n<td class=\"et6\">4.92<\/td>\n<td class=\"et6\">6.24<\/td>\n<td class=\"et13\">8.87<\/td>\n<\/tr>\n<tr style=\"height: 14.40pt;\">\n<td class=\"et4\" style=\"height: 29.55pt; border-bottom: 1.0pt solid #000000;\" rowspan=\"2\" height=\"49\">E-Moldulus de traction<\/td>\n<td class=\"et5\" style=\"border-bottom: 1.0pt solid #000000;\" rowspan=\"2\">ASTM C297<\/td>\n<td class=\"et5\" style=\"border-bottom: 1.0pt solid #000000;\" rowspan=\"2\">MPA<\/td>\n<td class=\"et6\">Valeur moyenne<\/td>\n<td class=\"et6\">72<\/td>\n<td class=\"et6\">79<\/td>\n<td class=\"et6\">96.1<\/td>\n<td class=\"et6\">149<\/td>\n<td class=\"et6\">165<\/td>\n<td class=\"et6\">221<\/td>\n<td class=\"et6\">296<\/td>\n<td class=\"et6\">342<\/td>\n<td class=\"et13\">408<\/td>\n<\/tr>\n<tr style=\"height: 15.15pt;\">\n<td class=\"et11\">Valeur minimale<\/td>\n<td class=\"et11\">63<\/td>\n<td class=\"et11\">73<\/td>\n<td class=\"et11\">83<\/td>\n<td class=\"et11\">128<\/td>\n<td class=\"et11\">151<\/td>\n<td class=\"et11\">173<\/td>\n<td class=\"et11\">238<\/td>\n<td class=\"et11\">304<\/td>\n<td class=\"et14\">356<\/td>\n<\/tr>\n<\/tbody>\n<\/table>\n<p>*Remarque : les donn\u00e9es ci-dessus sont des r\u00e9sultats moyens pour divers produits, tir\u00e9s de tests de routine de production.<\/p>\n<p>Les valeurs statistiques minimales pour r\u00e9pondre aux exigences de conception de chaque soci\u00e9t\u00e9 de classification sont disponibles sur demande<\/p>\n<h3>Caract\u00e9ristiques du produit :<\/h3>\n<p>\u2022 Faible absorption d&#039;eau<br \/>\n\u2022 R\u00e9sistance aux hautes temp\u00e9ratures<br \/>\n\u2022 Rapport r\u00e9sistance et rigidit\u00e9\/poids \u00e9lev\u00e9<br \/>\n\u2022 Excellente tol\u00e9rance aux dommages<br \/>\n\u2022 Bonne r\u00e9sistance chimique<br \/>\n\u2022 Isolation phonique et thermique<br \/>\n\u2022 R\u00e9sistance aux chocs<br \/>\n\u2022 Compatible avec plusieurs syst\u00e8mes de r\u00e9sine<\/p>\n<h3>Caract\u00e9ristiques techniques :<\/h3>\n<table style=\"border-collapse: collapse; width: 727.22pt;\" border=\"0\" width=\"1212\" cellspacing=\"0\" cellpadding=\"0\">\n<tbody>\n<tr style=\"height: 14.40pt;\">\n<td class=\"et2\" style=\"height: 14.40pt; width: 160.70pt; border-right: .5pt solid #000000;\" colspan=\"2\" width=\"267\" height=\"24\">Taper<\/td>\n<td class=\"et4\" style=\"width: 54.00pt;\" width=\"90\">Standard<\/td>\n<td class=\"et4\" style=\"width: 75.60pt;\" width=\"126\">Unit\u00e9<\/td>\n<td class=\"et4\" style=\"width: 48.60pt;\" width=\"81\">HX45<\/td>\n<td class=\"et4\" style=\"width: 48.60pt;\" width=\"81\">HX50<\/td>\n<td class=\"et4\" style=\"width: 48.60pt;\" width=\"81\">HX60<\/td>\n<td class=\"et4\" style=\"width: 48.60pt;\" width=\"81\">HX80<\/td>\n<td class=\"et4\" style=\"width: 48.60pt;\" width=\"81\">HX100<\/td>\n<td class=\"et4\" style=\"width: 48.60pt;\" width=\"81\">HX130<\/td>\n<td class=\"et4\" style=\"width: 48.60pt;\" width=\"81\">HX200<\/td>\n<td class=\"et4\" style=\"width: 48.60pt;\" width=\"81\">HX250<\/td>\n<td class=\"et18\" style=\"width: 48.60pt;\" width=\"81\">HX300<\/td>\n<\/tr>\n<tr style=\"height: 14.40pt;\">\n<td class=\"et5\" style=\"height: 14.40pt; border-right: .5pt solid #000000;\" colspan=\"2\" height=\"24\">Conductivit\u00e9 thermique<\/td>\n<td class=\"et7\">EN 12667<\/td>\n<td class=\"et7\">W\/(mK)<\/td>\n<td class=\"et7\">0.028<\/td>\n<td class=\"et7\">0.028<\/td>\n<td class=\"et7\">0.029<\/td>\n<td class=\"et7\">0.031<\/td>\n<td class=\"et7\">0.033<\/td>\n<td class=\"et7\">0.036<\/td>\n<td class=\"et7\">0.044<\/td>\n<td class=\"et7\">0.049<\/td>\n<td class=\"et19\">0.055<\/td>\n<\/tr>\n<tr style=\"height: 30.00pt;\">\n<td class=\"et8\" style=\"height: 30.00pt; width: 160.70pt; border-right: .5pt solid #000000;\" colspan=\"2\" width=\"267\" height=\"50\">Coefficient lin\u00e9aire de dilatation thermique<\/td>\n<td class=\"et7\">ISO 4897<\/td>\n<td class=\"et7\">x10-6\/\u00b0C<\/td>\n<td class=\"et7\">40<\/td>\n<td class=\"et7\">40<\/td>\n<td class=\"et7\">40<\/td>\n<td class=\"et7\">40<\/td>\n<td class=\"et7\">40<\/td>\n<td class=\"et7\">40<\/td>\n<td class=\"et7\">40<\/td>\n<td class=\"et7\">40<\/td>\n<td class=\"et19\">40<\/td>\n<\/tr>\n<tr style=\"height: 14.40pt;\">\n<td class=\"et10\" style=\"height: 14.40pt; width: 160.70pt; border-right: .5pt solid #000000;\" colspan=\"2\" width=\"267\" height=\"24\">D\u00e9formation thermique<\/td>\n<td class=\"et7\">DIN 53424<\/td>\n<td class=\"et7\">\u00b0C<\/td>\n<td class=\"et12\">+125<\/td>\n<td class=\"et12\">+125<\/td>\n<td class=\"et12\">+125<\/td>\n<td class=\"et12\">+125<\/td>\n<td class=\"et12\">+125<\/td>\n<td class=\"et12\">+125<\/td>\n<td class=\"et12\">+125<\/td>\n<td class=\"et12\">+125<\/td>\n<td class=\"et20\">+125<\/td>\n<\/tr>\n<tr style=\"height: 14.40pt;\">\n<td class=\"et13\" style=\"height: 14.40pt; width: 160.70pt; border-right: .5pt solid #000000;\" colspan=\"2\" width=\"267\" height=\"24\">Plage de temp\u00e9rature continue<\/td>\n<td class=\"et7\">\/<\/td>\n<td class=\"et7\">\u00b0C<\/td>\n<td class=\"et12\">-200\/+80<\/td>\n<td class=\"et12\">-200\/+80<\/td>\n<td class=\"et12\">-200\/+80<\/td>\n<td class=\"et12\">-200\/+80<\/td>\n<td class=\"et12\">-200\/+80<\/td>\n<td class=\"et12\">-200\/+80<\/td>\n<td class=\"et12\">-200\/+80<\/td>\n<td class=\"et12\">-200\/+80<\/td>\n<td class=\"et20\">-200\/+80<\/td>\n<\/tr>\n<tr style=\"height: 14.40pt;\">\n<td class=\"et10\" style=\"height: 14.40pt; width: 160.70pt; border-right: .5pt solid #000000;\" colspan=\"2\" width=\"267\" height=\"24\">Facteur de dissipation<\/td>\n<td class=\"et7\">ASTM D 2520<\/td>\n<td class=\"et7\">\/<\/td>\n<td class=\"et7\">0.0002<\/td>\n<td class=\"et7\">0.00024<\/td>\n<td class=\"et7\">0.0003<\/td>\n<td class=\"et7\">0.0005<\/td>\n<td class=\"et7\">0.0006<\/td>\n<td class=\"et7\">0.0009<\/td>\n<td class=\"et7\">0.0015<\/td>\n<td class=\"et7\">0.0019<\/td>\n<td class=\"et19\">0.0024<\/td>\n<\/tr>\n<tr style=\"height: 14.40pt;\">\n<td class=\"et10\" style=\"height: 14.40pt; width: 160.70pt; border-right: .5pt solid #000000;\" colspan=\"2\" width=\"267\" height=\"24\">permittivit\u00e9<\/td>\n<td class=\"et7\">ASTM D 2520<\/td>\n<td class=\"et7\">\/<\/td>\n<td class=\"et7\">1.05<\/td>\n<td class=\"et7\">1.05<\/td>\n<td class=\"et7\">1.06<\/td>\n<td class=\"et7\">1.09<\/td>\n<td class=\"et7\">1.11<\/td>\n<td class=\"et7\">1.15<\/td>\n<td class=\"et7\">1.23<\/td>\n<td class=\"et7\">1.2<\/td>\n<td class=\"et19\">1.36<\/td>\n<\/tr>\n<tr style=\"height: 15.15pt;\">\n<td class=\"et15\" style=\"height: 15.15pt; width: 160.70pt; border-right: .5pt solid #000000;\" colspan=\"2\" width=\"267\" height=\"25\">Coefficient de Poisson<\/td>\n<td class=\"et17\">D638-08<\/td>\n<td class=\"et17\">\/<\/td>\n<td class=\"et17\">0.4<\/td>\n<td class=\"et17\">0.4<\/td>\n<td class=\"et17\">0.4<\/td>\n<td class=\"et17\">0.4<\/td>\n<td class=\"et17\">0.4<\/td>\n<td class=\"et17\">0.4<\/td>\n<td class=\"et17\">0.4<\/td>\n<td class=\"et17\">0.4<\/td>\n<td class=\"et21\">0.4<\/td>\n<\/tr>\n<\/tbody>\n<\/table>\n<p>*Remarque\u00a0: Les donn\u00e9es ci-dessus correspondent aux r\u00e9sultats moyens de divers produits, issus d&#039;essais de production de routine. Les valeurs statistiques minimales pour satisfaire aux exigences de conception de chaque soci\u00e9t\u00e9 de classification sont disponibles sur demande. Les temp\u00e9ratures de fonctionnement continu sont g\u00e9n\u00e9ralement comprises entre -200\u00a0\u00b0C et +80\u00a0\u00b0C. Pour une utilisation \u00e0 haute temp\u00e9rature et sous charge continue, veuillez contacter le service technique pour obtenir des instructions de conception d\u00e9taill\u00e9es.<br \/>\nLa temp\u00e9rature maximale de traitement d\u00e9pend de la dur\u00e9e, de la pression et des conditions de traitement. Il est donc recommand\u00e9 \u00e0 l&#039;utilisateur de contacter le service technique pour confirmer la compatibilit\u00e9 des param\u00e8tres de traitement sp\u00e9cifiques des mousses de la s\u00e9rie Cinon.<\/p>\n<h3>Sp\u00e9cifications du produit :<\/h3>\n<table width=\"1131\">\n<tbody>\n<tr>\n<td width=\"158\">Taper<\/td>\n<td width=\"109\">Standard<\/td>\n<td width=\"90\">Unit\u00e9<\/td>\n<td width=\"126\">HX45<\/td>\n<td width=\"81\">HX50<\/td>\n<td width=\"81\">HX60<\/td>\n<td width=\"81\">HX80<\/td>\n<td width=\"81\">HX100<\/td>\n<td width=\"81\">HX130<\/td>\n<td width=\"81\">HX200<\/td>\n<td width=\"81\">HX250<\/td>\n<td width=\"81\">HX300<\/td>\n<\/tr>\n<tr>\n<td rowspan=\"3\">BLOC<\/td>\n<td>Longueur<\/td>\n<td>mm<\/td>\n<td>2500<\/td>\n<td>2400<\/td>\n<td>2400<\/td>\n<td>2330<\/td>\n<td>2050<\/td>\n<td>1950<\/td>\n<td>1750<\/td>\n<td>1480<\/td>\n<td>1450<\/td>\n<\/tr>\n<tr>\n<td>Largeur<\/td>\n<td>mm<\/td>\n<td>1250<\/td>\n<td>1200<\/td>\n<td>1200<\/td>\n<td>1150<\/td>\n<td>1050<\/td>\n<td>980<\/td>\n<td>870<\/td>\n<td>800<\/td>\n<td>750<\/td>\n<\/tr>\n<tr>\n<td>\u00c9paisseur<\/td>\n<td>mm<\/td>\n<td>90<\/td>\n<td>90<\/td>\n<td>85<\/td>\n<td>75<\/td>\n<td>70<\/td>\n<td>60<\/td>\n<td>50<\/td>\n<td>45<\/td>\n<td>45<\/td>\n<\/tr>\n<tr>\n<td rowspan=\"3\" width=\"158\">Contour<\/td>\n<td>Longueur<\/td>\n<td>mm<\/td>\n<td>1250<\/td>\n<td>1200<\/td>\n<td>1200<\/td>\n<td>1165<\/td>\n<td>1025<\/td>\n<td>975<\/td>\n<td>\/<\/td>\n<td>\/<\/td>\n<td>\/<\/td>\n<\/tr>\n<tr>\n<td>Largeur<\/td>\n<td>mm<\/td>\n<td>1250<\/td>\n<td>1200<\/td>\n<td>1200<\/td>\n<td>1150<\/td>\n<td>1050<\/td>\n<td>980<\/td>\n<td>\/<\/td>\n<td>\/<\/td>\n<td>\/<\/td>\n<\/tr>\n<tr>\n<td>\u00c9paisseur<\/td>\n<td>mm<\/td>\n<td>5-65<\/td>\n<td>5-65<\/td>\n<td>5-65<\/td>\n<td>5-65<\/td>\n<td>5-65<\/td>\n<td>5-60<\/td>\n<td>\/<\/td>\n<td>\/<\/td>\n<td>\/<\/td>\n<\/tr>\n<tr>\n<td width=\"158\">Plaine<\/td>\n<td>\u00c9paisseur<\/td>\n<td>mm<\/td>\n<td>1-90<\/td>\n<td>1-90<\/td>\n<td>1-85<\/td>\n<td>1-75<\/td>\n<td>1-70<\/td>\n<td>1-60<\/td>\n<td>2-50<\/td>\n<td>2-45<\/td>\n<td>2-45<\/td>\n<\/tr>\n<\/tbody>\n<\/table>\n<p>&nbsp;<\/p>","protected":false},"excerpt":{"rendered":"<p>La s\u00e9rie Ltech est une mousse structurelle en PVC rigide r\u00e9ticul\u00e9 \u00e0 cellules ferm\u00e9es. Elle pr\u00e9sente d&#039;excellentes propri\u00e9t\u00e9s de rigidit\u00e9, de r\u00e9sistance sp\u00e9cifique, de r\u00e9sistance \u00e0 la fatigue et aux chocs, ainsi qu&#039;une tr\u00e8s faible absorption d&#039;eau, et contribue \u00e0 l&#039;isolation phonique et thermique. La s\u00e9rie Cinon adopte un proc\u00e9d\u00e9 de moussage en suspension aqueuse, ce qui rend la structure r\u00e9ticul\u00e9e de la mousse compl\u00e8te et uniforme\u00a0; elle \u00e9vite ainsi le gauchissement du panneau d&#039;origine et les dommages \u00e0 la structure interne caus\u00e9s par le pressage \u00e0 chaud et le nivellement. De plus, elle pr\u00e9sente une bonne stabilit\u00e9 dimensionnelle et une bonne aptitude \u00e0 la mise en \u0153uvre, ce qui la rend adapt\u00e9e \u00e0 divers proc\u00e9d\u00e9s de fabrication de structures sandwich et compatible avec divers syst\u00e8mes de r\u00e9sine.<\/p>","protected":false},"featured_media":3759,"template":"","meta":{"site-sidebar-layout":"default","site-content-layout":"default","ast-site-content-layout":"default","site-content-style":"default","site-sidebar-style":"default","ast-global-header-display":"","ast-banner-title-visibility":"","ast-main-header-display":"","ast-hfb-above-header-display":"","ast-hfb-below-header-display":"","ast-hfb-mobile-header-display":"","site-post-title":"","ast-breadcrumbs-content":"","ast-featured-img":"","footer-sml-layout":"","ast-disable-related-posts":"","theme-transparent-header-meta":"default","adv-header-id-meta":"","stick-header-meta":"default","header-above-stick-meta":"","header-main-stick-meta":"","header-below-stick-meta":"","astra-migrate-meta-layouts":"set","ast-page-background-enabled":"default","ast-page-background-meta":{"desktop":{"background-color":"var(--ast-global-color-4)","background-image":"","background-repeat":"repeat","background-position":"center center","background-size":"auto","background-attachment":"scroll","background-type":"","background-media":"","overlay-type":"","overlay-color":"","overlay-opacity":"","overlay-gradient":""},"tablet":{"background-color":"","background-image":"","background-repeat":"repeat","background-position":"center center","background-size":"auto","background-attachment":"scroll","background-type":"","background-media":"","overlay-type":"","overlay-color":"","overlay-opacity":"","overlay-gradient":""},"mobile":{"background-color":"","background-image":"","background-repeat":"repeat","background-position":"center center","background-size":"auto","background-attachment":"scroll","background-type":"","background-media":"","overlay-type":"","overlay-color":"","overlay-opacity":"","overlay-gradient":""}},"ast-content-background-meta":{"desktop":{"background-color":"var(--ast-global-color-5)","background-image":"","background-repeat":"repeat","background-position":"center center","background-size":"auto","background-attachment":"scroll","background-type":"","background-media":"","overlay-type":"","overlay-color":"","overlay-opacity":"","overlay-gradient":""},"tablet":{"background-color":"var(--ast-global-color-5)","background-image":"","background-repeat":"repeat","background-position":"center center","background-size":"auto","background-attachment":"scroll","background-type":"","background-media":"","overlay-type":"","overlay-color":"","overlay-opacity":"","overlay-gradient":""},"mobile":{"background-color":"var(--ast-global-color-5)","background-image":"","background-repeat":"repeat","background-position":"center center","background-size":"auto","background-attachment":"scroll","background-type":"","background-media":"","overlay-type":"","overlay-color":"","overlay-opacity":"","overlay-gradient":""}}},"product_brand":[],"product_cat":[15,16,17],"product_tag":[],"class_list":{"0":"post-624","1":"product","2":"type-product","3":"status-publish","4":"has-post-thumbnail","6":"product_cat-foam-core-panels","7":"product_cat-frp-sheets","8":"product_cat-structural-core-materials","9":"desktop-align-left","10":"tablet-align-left","11":"mobile-align-left","12":"ast-product-gallery-layout-horizontal","13":"ast-product-tabs-layout-horizontal","15":"first","16":"instock","17":"sale","18":"shipping-taxable","19":"purchasable","20":"product-type-simple"},"_links":{"self":[{"href":"https:\/\/ltechcomposite.com\/fr\/wp-json\/wp\/v2\/product\/624","targetHints":{"allow":["GET"]}}],"collection":[{"href":"https:\/\/ltechcomposite.com\/fr\/wp-json\/wp\/v2\/product"}],"about":[{"href":"https:\/\/ltechcomposite.com\/fr\/wp-json\/wp\/v2\/types\/product"}],"version-history":[{"count":4,"href":"https:\/\/ltechcomposite.com\/fr\/wp-json\/wp\/v2\/product\/624\/revisions"}],"predecessor-version":[{"id":5254,"href":"https:\/\/ltechcomposite.com\/fr\/wp-json\/wp\/v2\/product\/624\/revisions\/5254"}],"wp:featuredmedia":[{"embeddable":true,"href":"https:\/\/ltechcomposite.com\/fr\/wp-json\/wp\/v2\/media\/3759"}],"wp:attachment":[{"href":"https:\/\/ltechcomposite.com\/fr\/wp-json\/wp\/v2\/media?parent=624"}],"wp:term":[{"taxonomy":"product_brand","embeddable":true,"href":"https:\/\/ltechcomposite.com\/fr\/wp-json\/wp\/v2\/product_brand?post=624"},{"taxonomy":"product_cat","embeddable":true,"href":"https:\/\/ltechcomposite.com\/fr\/wp-json\/wp\/v2\/product_cat?post=624"},{"taxonomy":"product_tag","embeddable":true,"href":"https:\/\/ltechcomposite.com\/fr\/wp-json\/wp\/v2\/product_tag?post=624"}],"curies":[{"name":"wp","href":"https:\/\/api.w.org\/{rel}","templated":true}]}}