{"id":618,"date":"2025-06-12T03:04:16","date_gmt":"2025-06-12T03:04:16","guid":{"rendered":"https:\/\/ltechcomposite.com\/product\/full-automatic-compact-washer-with-wheels-1-6-cu-ft-11-lbs-capacity-with-6-wash-programs-washer\/"},"modified":"2025-10-02T02:58:51","modified_gmt":"2025-10-02T02:58:51","slug":"noyau-en-mousse-pour-animaux-de-compagnie","status":"publish","type":"product","link":"https:\/\/ltechcomposite.com\/fr\/produit\/noyau-en-mousse-pour-animaux-de-compagnie\/","title":{"rendered":"Noyau en mousse PET"},"content":{"rendered":"<p>Le PET est une mousse polym\u00e8re thermoplastique renouvelable \u00e0 cellules ferm\u00e9es offrant une excellente r\u00e9sistance m\u00e9canique et \u00e0 la fatigue, une excellente stabilit\u00e9 chimique, une protection UV et une faible absorption d&#039;eau. Il est chimiquement stable \u00e0 haute temp\u00e9rature et apr\u00e8s durcissement, et offre une bonne compatibilit\u00e9 avec la plupart des r\u00e9sines et proc\u00e9d\u00e9s de fabrication courants.<\/p>\n<h3><strong>Caract\u00e9ristiques du produit<\/strong><\/h3>\n<p>1 : Excellentes propri\u00e9t\u00e9s m\u00e9caniques (r\u00e9sistance \u00e0 la traction, r\u00e9sistance \u00e0 la compression, r\u00e9sistance aux chocs, etc.)<br \/>\n2 : Excellente r\u00e9sistance \u00e0 la fatigue<br \/>\n3 : Il est propice \u00e0 la r\u00e9p\u00e9tabilit\u00e9 de la production<br \/>\n4 : Excellente r\u00e9sistance aux hautes et basses temp\u00e9ratures<br \/>\n5\u00a0: De petites fluctuations dans les caract\u00e9ristiques du produit peuvent am\u00e9liorer la stabilit\u00e9 du processus<\/p>\n<p><img fetchpriority=\"high\" decoding=\"async\" class=\"alignnone size-full wp-image-3201\" src=\"https:\/\/ltechcomposite.com\/wp-content\/uploads\/2025\/06\/001-1.png\" alt=\"\" width=\"761\" height=\"466\" srcset=\"https:\/\/ltechcomposite.com\/wp-content\/uploads\/2025\/06\/001-1.png 761w, https:\/\/ltechcomposite.com\/wp-content\/uploads\/2025\/06\/001-1-300x184.png 300w, https:\/\/ltechcomposite.com\/wp-content\/uploads\/2025\/06\/001-1-18x12.png 18w, https:\/\/ltechcomposite.com\/wp-content\/uploads\/2025\/06\/001-1-600x367.png 600w\" sizes=\"(max-width: 761px) 100vw, 761px\" \/><\/p>","protected":false},"excerpt":{"rendered":"<p>Le PET est une mousse polym\u00e8re thermoplastique renouvelable \u00e0 cellules ferm\u00e9es offrant une excellente r\u00e9sistance m\u00e9canique et \u00e0 la fatigue, une excellente stabilit\u00e9 chimique, une protection UV et une faible absorption d&#039;eau. Il est chimiquement stable \u00e0 haute temp\u00e9rature et apr\u00e8s durcissement, et offre une bonne compatibilit\u00e9 avec la plupart des r\u00e9sines et proc\u00e9d\u00e9s de fabrication courants.<\/p>","protected":false},"featured_media":3252,"template":"","meta":{"site-sidebar-layout":"default","site-content-layout":"default","ast-site-content-layout":"default","site-content-style":"default","site-sidebar-style":"default","ast-global-header-display":"","ast-banner-title-visibility":"","ast-main-header-display":"","ast-hfb-above-header-display":"","ast-hfb-below-header-display":"","ast-hfb-mobile-header-display":"","site-post-title":"","ast-breadcrumbs-content":"","ast-featured-img":"","footer-sml-layout":"","ast-disable-related-posts":"","theme-transparent-header-meta":"default","adv-header-id-meta":"","stick-header-meta":"default","header-above-stick-meta":"","header-main-stick-meta":"","header-below-stick-meta":"","astra-migrate-meta-layouts":"set","ast-page-background-enabled":"default","ast-page-background-meta":{"desktop":{"background-color":"var(--ast-global-color-4)","background-image":"","background-repeat":"repeat","background-position":"center center","background-size":"auto","background-attachment":"scroll","background-type":"","background-media":"","overlay-type":"","overlay-color":"","overlay-opacity":"","overlay-gradient":""},"tablet":{"background-color":"","background-image":"","background-repeat":"repeat","background-position":"center center","background-size":"auto","background-attachment":"scroll","background-type":"","background-media":"","overlay-type":"","overlay-color":"","overlay-opacity":"","overlay-gradient":""},"mobile":{"background-color":"","background-image":"","background-repeat":"repeat","background-position":"center center","background-size":"auto","background-attachment":"scroll","background-type":"","background-media":"","overlay-type":"","overlay-color":"","overlay-opacity":"","overlay-gradient":""}},"ast-content-background-meta":{"desktop":{"background-color":"var(--ast-global-color-5)","background-image":"","background-repeat":"repeat","background-position":"center center","background-size":"auto","background-attachment":"scroll","background-type":"","background-media":"","overlay-type":"","overlay-color":"","overlay-opacity":"","overlay-gradient":""},"tablet":{"background-color":"var(--ast-global-color-5)","background-image":"","background-repeat":"repeat","background-position":"center center","background-size":"auto","background-attachment":"scroll","background-type":"","background-media":"","overlay-type":"","overlay-color":"","overlay-opacity":"","overlay-gradient":""},"mobile":{"background-color":"var(--ast-global-color-5)","background-image":"","background-repeat":"repeat","background-position":"center center","background-size":"auto","background-attachment":"scroll","background-type":"","background-media":"","overlay-type":"","overlay-color":"","overlay-opacity":"","overlay-gradient":""}}},"product_brand":[],"product_cat":[15,16,23],"product_tag":[],"class_list":{"0":"post-618","1":"product","2":"type-product","3":"status-publish","4":"has-post-thumbnail","6":"product_cat-foam-core-panels","7":"product_cat-frp-sheets","8":"product_cat-honeycomb-core-panels","9":"desktop-align-left","10":"tablet-align-left","11":"mobile-align-left","12":"ast-product-gallery-layout-horizontal","13":"ast-product-tabs-layout-horizontal","15":"first","16":"instock","17":"sale","18":"shipping-taxable","19":"purchasable","20":"product-type-simple"},"_links":{"self":[{"href":"https:\/\/ltechcomposite.com\/fr\/wp-json\/wp\/v2\/product\/618","targetHints":{"allow":["GET"]}}],"collection":[{"href":"https:\/\/ltechcomposite.com\/fr\/wp-json\/wp\/v2\/product"}],"about":[{"href":"https:\/\/ltechcomposite.com\/fr\/wp-json\/wp\/v2\/types\/product"}],"version-history":[{"count":2,"href":"https:\/\/ltechcomposite.com\/fr\/wp-json\/wp\/v2\/product\/618\/revisions"}],"predecessor-version":[{"id":3295,"href":"https:\/\/ltechcomposite.com\/fr\/wp-json\/wp\/v2\/product\/618\/revisions\/3295"}],"wp:featuredmedia":[{"embeddable":true,"href":"https:\/\/ltechcomposite.com\/fr\/wp-json\/wp\/v2\/media\/3252"}],"wp:attachment":[{"href":"https:\/\/ltechcomposite.com\/fr\/wp-json\/wp\/v2\/media?parent=618"}],"wp:term":[{"taxonomy":"product_brand","embeddable":true,"href":"https:\/\/ltechcomposite.com\/fr\/wp-json\/wp\/v2\/product_brand?post=618"},{"taxonomy":"product_cat","embeddable":true,"href":"https:\/\/ltechcomposite.com\/fr\/wp-json\/wp\/v2\/product_cat?post=618"},{"taxonomy":"product_tag","embeddable":true,"href":"https:\/\/ltechcomposite.com\/fr\/wp-json\/wp\/v2\/product_tag?post=618"}],"curies":[{"name":"wp","href":"https:\/\/api.w.org\/{rel}","templated":true}]}}