{"id":617,"date":"2025-06-12T03:04:16","date_gmt":"2025-06-12T03:04:16","guid":{"rendered":"https:\/\/ltechcomposite.com\/product\/small-space-heat-pump-dryer-with-sensor-dry-12-preset-machine-cycles-40-minute-express-drying\/"},"modified":"2025-10-02T02:58:51","modified_gmt":"2025-10-02T02:58:51","slug":"feuille-de-gel-coat-frp","status":"publish","type":"product","link":"https:\/\/ltechcomposite.com\/fr\/produit\/feuille-de-gel-coat-frp\/","title":{"rendered":"Feuille de gel coat FRP"},"content":{"rendered":"<p>La feuille de PRF (plastique renforc\u00e9 de fibres de verre) est un mat\u00e9riau composite thermodurcissable issu de la fusion de r\u00e9sine et de fibre de verre. Nouveau type de mat\u00e9riau, la feuille de PRF a remplac\u00e9 les mat\u00e9riaux m\u00e9talliques traditionnels dans de nombreux domaines. Le diam\u00e8tre de la fibre de verre est minime, g\u00e9n\u00e9ralement inf\u00e9rieur \u00e0 10 microns, et c&#039;est un mat\u00e9riau fragile, facilement endommag\u00e9, cassable et corrosif. La plupart des mat\u00e9riaux renforc\u00e9s de fibres de verre se pr\u00e9sentent sous forme de mats et de tissus.<\/p>\n<h3>Param\u00e8tres du produit<\/h3>\n<p>\u00c9paisseur : 0,7~8,0 mm.<\/p>\n<p>Longueur : La longueur des mat\u00e9riaux lamin\u00e9s peut atteindre 200 m (avec une \u00e9paisseur \u2264 3,0 mm)<\/p>\n<p>Largeur\u00a0: Elle est g\u00e9n\u00e9ralement inf\u00e9rieure \u00e0 2,8\u00a0m\u00e8tres. La largeur maximale personnalisable est de 3,1\u00a0m\u00e8tres.<\/p>\n<p>Gelcoat Couleur : couleur RAL.<\/p>\n<p>Traitement de surface : brillant, mat.<\/p>\n<p>Teneur en fibre de verre : 40~70%.<\/p>\n<p>Type de fibre de verre : tapis en fibre de verre, tissu en fibre de verre.<\/p>\n<p>Type de r\u00e9sine : r\u00e9sine polyester insatur\u00e9e ; r\u00e9sine \u00e9poxy ; r\u00e9sine ph\u00e9nolique.<\/p>\n<h3>Propri\u00e9t\u00e9s des feuilles de GRP Gelcoat<\/h3>\n<p>R\u00e9sistance \u00e0 l&#039;eau : Le gelcoat peut \u00eatre utilis\u00e9 pour augmenter la r\u00e9sistance \u00e0 l&#039;eau du GRP, le rendant ainsi adapt\u00e9 aux applications n\u00e9cessitant une r\u00e9sistance \u00e0 l&#039;eau ou \u00e0 l&#039;humidit\u00e9.<\/p>\n<p>R\u00e9sistance \u00e0 la corrosion : le rev\u00eatement Gelcoat peut am\u00e9liorer la r\u00e9sistance \u00e0 la corrosion du GRP, de sorte qu&#039;il a une dur\u00e9e de vie plus longue dans l&#039;environnement soumis \u00e0 la corrosion chimique.<\/p>\n<p>Esth\u00e9tique : Les gelcoats peuvent am\u00e9liorer l&#039;apparence du PRV et sont disponibles dans une vari\u00e9t\u00e9 d&#039;options de couleurs et de textures de surface pour des besoins d\u00e9coratifs ou esth\u00e9tiques.<\/p>\n<p>R\u00e9sistance \u00e0 l&#039;abrasion : le gelcoat peut augmenter la r\u00e9sistance \u00e0 l&#039;abrasion du GRP et prolonger sa dur\u00e9e de vie.<\/p>\n<h3>Application de feuilles de GRP Gelcoat<\/h3>\n<p>Le GRP gelcoat plat est g\u00e9n\u00e9ralement utilis\u00e9 comme mat\u00e9riau de rev\u00eatement des panneaux composites, tels que les panneaux muraux de construction, les carrosseries de camping-car, les carrosseries de camions-caisses, les panneaux de meubles, etc.<\/p>\n<p><img fetchpriority=\"high\" decoding=\"async\" class=\"alignnone size-full wp-image-3190\" src=\"https:\/\/ltechcomposite.com\/wp-content\/uploads\/2025\/06\/001.png\" alt=\"\" width=\"579\" height=\"393\" srcset=\"https:\/\/ltechcomposite.com\/wp-content\/uploads\/2025\/06\/001.png 579w, https:\/\/ltechcomposite.com\/wp-content\/uploads\/2025\/06\/001-300x204.png 300w, https:\/\/ltechcomposite.com\/wp-content\/uploads\/2025\/06\/001-18x12.png 18w\" sizes=\"(max-width: 579px) 100vw, 579px\" \/> <img decoding=\"async\" class=\"alignnone wp-image-3191 size-full\" src=\"https:\/\/ltechcomposite.com\/wp-content\/uploads\/2025\/06\/002.png\" alt=\"\" width=\"290\" height=\"174\" srcset=\"https:\/\/ltechcomposite.com\/wp-content\/uploads\/2025\/06\/002.png 290w, https:\/\/ltechcomposite.com\/wp-content\/uploads\/2025\/06\/002-18x12.png 18w\" sizes=\"(max-width: 290px) 100vw, 290px\" \/> <img decoding=\"async\" class=\"alignnone size-full wp-image-3192\" src=\"https:\/\/ltechcomposite.com\/wp-content\/uploads\/2025\/06\/003-scaled.png\" alt=\"\" width=\"2560\" height=\"1440\" srcset=\"https:\/\/ltechcomposite.com\/wp-content\/uploads\/2025\/06\/003-scaled.png 2560w, https:\/\/ltechcomposite.com\/wp-content\/uploads\/2025\/06\/003-300x169.png 300w, https:\/\/ltechcomposite.com\/wp-content\/uploads\/2025\/06\/003-1024x576.png 1024w, https:\/\/ltechcomposite.com\/wp-content\/uploads\/2025\/06\/003-768x432.png 768w, https:\/\/ltechcomposite.com\/wp-content\/uploads\/2025\/06\/003-1536x864.png 1536w, https:\/\/ltechcomposite.com\/wp-content\/uploads\/2025\/06\/003-2048x1152.png 2048w, https:\/\/ltechcomposite.com\/wp-content\/uploads\/2025\/06\/003-18x10.png 18w, https:\/\/ltechcomposite.com\/wp-content\/uploads\/2025\/06\/003-600x338.png 600w\" sizes=\"(max-width: 2560px) 100vw, 2560px\" \/> <img loading=\"lazy\" decoding=\"async\" class=\"alignnone size-full wp-image-3193\" src=\"https:\/\/ltechcomposite.com\/wp-content\/uploads\/2025\/06\/004.png\" alt=\"\" width=\"576\" height=\"384\" srcset=\"https:\/\/ltechcomposite.com\/wp-content\/uploads\/2025\/06\/004.png 576w, https:\/\/ltechcomposite.com\/wp-content\/uploads\/2025\/06\/004-300x200.png 300w, https:\/\/ltechcomposite.com\/wp-content\/uploads\/2025\/06\/004-18x12.png 18w\" sizes=\"(max-width: 576px) 100vw, 576px\" \/><\/p>","protected":false},"excerpt":{"rendered":"<p>La feuille de PRF (plastique renforc\u00e9 de fibres de verre) est un mat\u00e9riau composite thermodurcissable issu de la fusion de r\u00e9sine et de fibre de verre. Nouveau type de mat\u00e9riau, la feuille de PRF a remplac\u00e9 les mat\u00e9riaux m\u00e9talliques traditionnels dans de nombreux domaines. Le diam\u00e8tre de la fibre de verre est minime, g\u00e9n\u00e9ralement inf\u00e9rieur \u00e0 10 microns, et c&#039;est un mat\u00e9riau fragile, facilement endommag\u00e9, cassable et corrosif. La plupart des mat\u00e9riaux renforc\u00e9s de fibres de verre se pr\u00e9sentent sous forme de mats et de tissus.<\/p>","protected":false},"featured_media":3128,"template":"","meta":{"site-sidebar-layout":"default","site-content-layout":"default","ast-site-content-layout":"default","site-content-style":"default","site-sidebar-style":"default","ast-global-header-display":"","ast-banner-title-visibility":"","ast-main-header-display":"","ast-hfb-above-header-display":"","ast-hfb-below-header-display":"","ast-hfb-mobile-header-display":"","site-post-title":"","ast-breadcrumbs-content":"","ast-featured-img":"","footer-sml-layout":"","ast-disable-related-posts":"","theme-transparent-header-meta":"default","adv-header-id-meta":"","stick-header-meta":"default","header-above-stick-meta":"","header-main-stick-meta":"","header-below-stick-meta":"","astra-migrate-meta-layouts":"set","ast-page-background-enabled":"default","ast-page-background-meta":{"desktop":{"background-color":"var(--ast-global-color-4)","background-image":"","background-repeat":"repeat","background-position":"center center","background-size":"auto","background-attachment":"scroll","background-type":"","background-media":"","overlay-type":"","overlay-color":"","overlay-opacity":"","overlay-gradient":""},"tablet":{"background-color":"","background-image":"","background-repeat":"repeat","background-position":"center center","background-size":"auto","background-attachment":"scroll","background-type":"","background-media":"","overlay-type":"","overlay-color":"","overlay-opacity":"","overlay-gradient":""},"mobile":{"background-color":"","background-image":"","background-repeat":"repeat","background-position":"center center","background-size":"auto","background-attachment":"scroll","background-type":"","background-media":"","overlay-type":"","overlay-color":"","overlay-opacity":"","overlay-gradient":""}},"ast-content-background-meta":{"desktop":{"background-color":"var(--ast-global-color-5)","background-image":"","background-repeat":"repeat","background-position":"center center","background-size":"auto","background-attachment":"scroll","background-type":"","background-media":"","overlay-type":"","overlay-color":"","overlay-opacity":"","overlay-gradient":""},"tablet":{"background-color":"var(--ast-global-color-5)","background-image":"","background-repeat":"repeat","background-position":"center center","background-size":"auto","background-attachment":"scroll","background-type":"","background-media":"","overlay-type":"","overlay-color":"","overlay-opacity":"","overlay-gradient":""},"mobile":{"background-color":"var(--ast-global-color-5)","background-image":"","background-repeat":"repeat","background-position":"center center","background-size":"auto","background-attachment":"scroll","background-type":"","background-media":"","overlay-type":"","overlay-color":"","overlay-opacity":"","overlay-gradient":""}}},"product_brand":[],"product_cat":[15,16,23],"product_tag":[],"class_list":{"0":"post-617","1":"product","2":"type-product","3":"status-publish","4":"has-post-thumbnail","6":"product_cat-foam-core-panels","7":"product_cat-frp-sheets","8":"product_cat-honeycomb-core-panels","9":"desktop-align-left","10":"tablet-align-left","11":"mobile-align-left","12":"ast-product-gallery-layout-horizontal","13":"ast-product-tabs-layout-horizontal","15":"first","16":"instock","17":"shipping-taxable","18":"purchasable","19":"product-type-simple"},"_links":{"self":[{"href":"https:\/\/ltechcomposite.com\/fr\/wp-json\/wp\/v2\/product\/617","targetHints":{"allow":["GET"]}}],"collection":[{"href":"https:\/\/ltechcomposite.com\/fr\/wp-json\/wp\/v2\/product"}],"about":[{"href":"https:\/\/ltechcomposite.com\/fr\/wp-json\/wp\/v2\/types\/product"}],"version-history":[{"count":2,"href":"https:\/\/ltechcomposite.com\/fr\/wp-json\/wp\/v2\/product\/617\/revisions"}],"predecessor-version":[{"id":3194,"href":"https:\/\/ltechcomposite.com\/fr\/wp-json\/wp\/v2\/product\/617\/revisions\/3194"}],"wp:featuredmedia":[{"embeddable":true,"href":"https:\/\/ltechcomposite.com\/fr\/wp-json\/wp\/v2\/media\/3128"}],"wp:attachment":[{"href":"https:\/\/ltechcomposite.com\/fr\/wp-json\/wp\/v2\/media?parent=617"}],"wp:term":[{"taxonomy":"product_brand","embeddable":true,"href":"https:\/\/ltechcomposite.com\/fr\/wp-json\/wp\/v2\/product_brand?post=617"},{"taxonomy":"product_cat","embeddable":true,"href":"https:\/\/ltechcomposite.com\/fr\/wp-json\/wp\/v2\/product_cat?post=617"},{"taxonomy":"product_tag","embeddable":true,"href":"https:\/\/ltechcomposite.com\/fr\/wp-json\/wp\/v2\/product_tag?post=617"}],"curies":[{"name":"wp","href":"https:\/\/api.w.org\/{rel}","templated":true}]}}