{"id":624,"date":"2025-06-12T03:04:16","date_gmt":"2025-06-12T03:04:16","guid":{"rendered":"https:\/\/ltechcomposite.com\/product\/15-6-fhd-display-laptop-intel-i7-intel-hd-graphics-6000-webcam-wifi-bluetooth-hdmi-windows-11grey\/"},"modified":"2025-10-03T16:28:14","modified_gmt":"2025-10-03T16:28:14","slug":"espuma-de-pvc-ltech","status":"publish","type":"product","link":"https:\/\/ltechcomposite.com\/es\/producto\/espuma-de-pvc-ltech\/","title":{"rendered":"Espuma de PVC Ltech"},"content":{"rendered":"<p>La serie Ltech es un material de espuma estructural de PVC r\u00edgido, reticulado y de celda cerrada. Presenta una excelente rigidez espec\u00edfica, resistencia espec\u00edfica, resistencia a la fatiga, resistencia al impacto y muy baja absorci\u00f3n de agua, lo que la convierte en un material ideal para el aislamiento ac\u00fastico y t\u00e9rmico. La serie Cinon adopta el proceso de espumado en suspensi\u00f3n acuosa, lo que permite una estructura reticulada completa y una espumaci\u00f3n m\u00e1s uniforme. Adem\u00e1s, evita por completo la deformaci\u00f3n del tablero original y los da\u00f1os estructurales internos causados por el prensado en caliente y la nivelaci\u00f3n. Adem\u00e1s, presenta buena estabilidad dimensional y procesabilidad, siendo ideal para diversos procesos de fabricaci\u00f3n de estructuras s\u00e1ndwich y compatible con diversos sistemas de resina.<\/p>\n<p>Es un material de n\u00facleo ideal para estructuras s\u00e1ndwich compuestas ligeras y de alta resistencia. La temperatura de proceso es de -240 \u00b0C a +120 \u00b0C, y la temperatura de uso a largo plazo es de -240 \u00b0C a +80 \u00b0C. La espuma es resistente a la humedad y al moho, y posee buenas propiedades ign\u00edfugas. Los productos de la serie Cinon est\u00e1n disponibles en densidades que van desde 45 kg\/m\u00b3 hasta 300 kg\/m\u00b3 y se utilizan ampliamente en energ\u00eda e\u00f3lica, aplicaciones n\u00e1uticas, equipos deportivos, locomotoras ferroviarias y aeroespaciales.<\/p>\n<table style=\"border-collapse: collapse; width: 727.22pt;\" border=\"0\" width=\"1212\" cellspacing=\"0\" cellpadding=\"0\">\n<tbody>\n<tr style=\"height: 15.60pt;\">\n<td class=\"et2\" style=\"height: 15.60pt; width: 95.20pt;\" width=\"158\" height=\"26\">Tipo<\/td>\n<td class=\"et3\" style=\"width: 65.50pt;\" width=\"109\">Est\u00e1ndar<\/td>\n<td class=\"et3\" style=\"width: 54.00pt;\" width=\"90\">Unidad<\/td>\n<td class=\"et3\" style=\"width: 75.60pt;\" width=\"126\">Resultado<\/td>\n<td class=\"et3\" style=\"width: 48.60pt;\" width=\"81\">HX45<\/td>\n<td class=\"et3\" style=\"width: 48.60pt;\" width=\"81\">HX50<\/td>\n<td class=\"et3\" style=\"width: 48.60pt;\" width=\"81\">HX60<\/td>\n<td class=\"et3\" style=\"width: 48.60pt;\" width=\"81\">HX80<\/td>\n<td class=\"et3\" style=\"width: 48.60pt;\" width=\"81\">HX100<\/td>\n<td class=\"et3\" style=\"width: 48.60pt;\" width=\"81\">HX130<\/td>\n<td class=\"et3\" style=\"width: 48.60pt;\" width=\"81\">HX200<\/td>\n<td class=\"et3\" style=\"width: 48.60pt;\" width=\"81\">HX250<\/td>\n<td class=\"et12\" style=\"width: 48.60pt;\" width=\"81\">HX300<\/td>\n<\/tr>\n<tr style=\"height: 14.40pt;\">\n<td class=\"et4\" style=\"height: 28.80pt; border-bottom: .5pt solid #000000;\" rowspan=\"2\" height=\"48\">Densidad<\/td>\n<td class=\"et5\" style=\"border-bottom: .5pt solid #000000;\" rowspan=\"2\">ISO 845<\/td>\n<td class=\"et5\" style=\"border-bottom: .5pt solid #000000;\" rowspan=\"2\">kg\/m\u00b3<\/td>\n<td class=\"et6\">Valor promedio<\/td>\n<td class=\"et6\">45<\/td>\n<td class=\"et6\">50<\/td>\n<td class=\"et6\">60<\/td>\n<td class=\"et6\">80<\/td>\n<td class=\"et6\">100<\/td>\n<td class=\"et6\">130<\/td>\n<td class=\"et6\">200<\/td>\n<td class=\"et6\">250<\/td>\n<td class=\"et13\">300<\/td>\n<\/tr>\n<tr style=\"height: 14.40pt;\">\n<td class=\"et6\">Rango<\/td>\n<td class=\"et6\">40-45<\/td>\n<td class=\"et6\">45-55<\/td>\n<td class=\"et6\">54-69<\/td>\n<td class=\"et6\">72-92<\/td>\n<td class=\"et6\">90-110<\/td>\n<td class=\"et6\">120-150<\/td>\n<td class=\"et6\">180-220<\/td>\n<td class=\"et6\">225-275<\/td>\n<td class=\"et13\">280-320<\/td>\n<\/tr>\n<tr style=\"height: 14.40pt;\">\n<td class=\"et4\" style=\"height: 28.80pt; border-bottom: .5pt solid #000000;\" rowspan=\"2\" height=\"48\">Fuerza de compresi\u00f3n<\/td>\n<td class=\"et5\" style=\"border-bottom: .5pt solid #000000;\" rowspan=\"2\">ISO 844:2006<\/td>\n<td class=\"et5\" style=\"border-bottom: .5pt solid #000000;\" rowspan=\"2\">Mpa<\/td>\n<td class=\"et6\">Valor promedio<\/td>\n<td class=\"et6\">0.68<\/td>\n<td class=\"et6\">0.78<\/td>\n<td class=\"et6\">0.99<\/td>\n<td class=\"et6\">1.72<\/td>\n<td class=\"et6\">2.08<\/td>\n<td class=\"et6\">3.19<\/td>\n<td class=\"et6\">5.11<\/td>\n<td class=\"et6\">6.8<\/td>\n<td class=\"et13\">8.9<\/td>\n<\/tr>\n<tr style=\"height: 14.40pt;\">\n<td class=\"et6\">Valor m\u00ednimo<\/td>\n<td class=\"et6\">0.56<\/td>\n<td class=\"et6\">0.69<\/td>\n<td class=\"et6\">0.88<\/td>\n<td class=\"et6\">1.63<\/td>\n<td class=\"et6\">1.9<\/td>\n<td class=\"et6\">2.61<\/td>\n<td class=\"et6\">4.69<\/td>\n<td class=\"et6\">6.2<\/td>\n<td class=\"et13\">7.6<\/td>\n<\/tr>\n<tr style=\"height: 14.40pt;\">\n<td class=\"et4\" style=\"height: 28.80pt; border-bottom: .5pt solid #000000;\" rowspan=\"2\" height=\"48\">Comprimir m\u00f3dulo E<\/td>\n<td class=\"et5\" style=\"border-bottom: .5pt solid #000000;\" rowspan=\"2\">ISO 844:2006<\/td>\n<td class=\"et5\" style=\"border-bottom: .5pt solid #000000;\" rowspan=\"2\">Mpa<\/td>\n<td class=\"et6\">Valor promedio<\/td>\n<td class=\"et6\">48<\/td>\n<td class=\"et6\">63<\/td>\n<td class=\"et6\">87.4<\/td>\n<td class=\"et6\">135<\/td>\n<td class=\"et6\">158<\/td>\n<td class=\"et6\">195<\/td>\n<td class=\"et6\">313<\/td>\n<td class=\"et6\">370<\/td>\n<td class=\"et13\">460<\/td>\n<\/tr>\n<tr style=\"height: 14.40pt;\">\n<td class=\"et6\">Valor m\u00ednimo<\/td>\n<td class=\"et6\">36<\/td>\n<td class=\"et6\">50<\/td>\n<td class=\"et6\">76<\/td>\n<td class=\"et6\">122<\/td>\n<td class=\"et6\">139<\/td>\n<td class=\"et6\">173<\/td>\n<td class=\"et6\">274<\/td>\n<td class=\"et6\">343<\/td>\n<td class=\"et13\">390<\/td>\n<\/tr>\n<tr style=\"height: 14.40pt;\">\n<td class=\"et4\" style=\"height: 28.80pt; border-bottom: .5pt solid #000000;\" rowspan=\"2\" height=\"48\">Resistencia al corte<\/td>\n<td class=\"et5\" style=\"border-bottom: .5pt solid #000000;\" rowspan=\"2\">ISO 1922:2012<\/td>\n<td class=\"et5\" style=\"border-bottom: .5pt solid #000000;\" rowspan=\"2\">Mpa<\/td>\n<td class=\"et6\">Valor promedio<\/td>\n<td class=\"et6\">0.55<\/td>\n<td class=\"et6\">0.73<\/td>\n<td class=\"et6\">0.94<\/td>\n<td class=\"et6\">1.23<\/td>\n<td class=\"et6\">1.66<\/td>\n<td class=\"et6\">2.42<\/td>\n<td class=\"et6\">3.32<\/td>\n<td class=\"et6\">4.19<\/td>\n<td class=\"et13\">4.91<\/td>\n<\/tr>\n<tr style=\"height: 14.40pt;\">\n<td class=\"et6\">Valor m\u00ednimo<\/td>\n<td class=\"et6\">0.47<\/td>\n<td class=\"et6\">0.61<\/td>\n<td class=\"et6\">0.85<\/td>\n<td class=\"et6\">1.11<\/td>\n<td class=\"et6\">1.48<\/td>\n<td class=\"et6\">2.13<\/td>\n<td class=\"et6\">3.03<\/td>\n<td class=\"et6\">3.52<\/td>\n<td class=\"et13\">4.32<\/td>\n<\/tr>\n<tr style=\"height: 14.40pt;\">\n<td class=\"et4\" style=\"height: 28.80pt; border-bottom: .5pt solid #000000;\" rowspan=\"2\" height=\"48\">M\u00f3dulo E de corte<\/td>\n<td class=\"et5\" style=\"border-bottom: .5pt solid #000000;\" rowspan=\"2\">ISO 1922:2012<\/td>\n<td class=\"et5\" style=\"border-bottom: .5pt solid #000000;\" rowspan=\"2\">Mpa<\/td>\n<td class=\"et6\">Valor promedio<\/td>\n<td class=\"et6\">16<\/td>\n<td class=\"et6\">21<\/td>\n<td class=\"et6\">27<\/td>\n<td class=\"et6\">33.9<\/td>\n<td class=\"et6\">42<\/td>\n<td class=\"et6\">62<\/td>\n<td class=\"et6\">83<\/td>\n<td class=\"et6\">98<\/td>\n<td class=\"et13\">129<\/td>\n<\/tr>\n<tr style=\"height: 14.40pt;\">\n<td class=\"et6\">Valor m\u00ednimo<\/td>\n<td class=\"et6\">14<\/td>\n<td class=\"et6\">16<\/td>\n<td class=\"et6\">23<\/td>\n<td class=\"et6\">28<\/td>\n<td class=\"et6\">34<\/td>\n<td class=\"et6\">51<\/td>\n<td class=\"et6\">72<\/td>\n<td class=\"et6\">86<\/td>\n<td class=\"et13\">108<\/td>\n<\/tr>\n<tr style=\"height: 14.40pt;\">\n<td class=\"et4\" style=\"height: 28.80pt; border-bottom: .5pt solid #000000;\" rowspan=\"2\" height=\"48\">Resistencia a la tracci\u00f3n<\/td>\n<td class=\"et5\" style=\"border-bottom: .5pt solid #000000;\" rowspan=\"2\">ASTM C297<\/td>\n<td class=\"et5\" style=\"border-bottom: .5pt solid #000000;\" rowspan=\"2\">Mpa<\/td>\n<td class=\"et6\">Valor promedio<\/td>\n<td class=\"et6\">0.96<\/td>\n<td class=\"et6\">1.36<\/td>\n<td class=\"et6\">1.81<\/td>\n<td class=\"et6\">2.82<\/td>\n<td class=\"et6\">3.23<\/td>\n<td class=\"et6\">4.21<\/td>\n<td class=\"et6\">5.23<\/td>\n<td class=\"et6\">7.68<\/td>\n<td class=\"et13\">9.65<\/td>\n<\/tr>\n<tr style=\"height: 14.40pt;\">\n<td class=\"et6\">Valor m\u00ednimo<\/td>\n<td class=\"et6\">0.83<\/td>\n<td class=\"et6\">1.02<\/td>\n<td class=\"et6\">1.69<\/td>\n<td class=\"et6\">2.33<\/td>\n<td class=\"et6\">2.96<\/td>\n<td class=\"et6\">3.22<\/td>\n<td class=\"et6\">4.92<\/td>\n<td class=\"et6\">6.24<\/td>\n<td class=\"et13\">8.87<\/td>\n<\/tr>\n<tr style=\"height: 14.40pt;\">\n<td class=\"et4\" style=\"height: 29.55pt; border-bottom: 1.0pt solid #000000;\" rowspan=\"2\" height=\"49\">Molde electr\u00f3nico de tracci\u00f3n<\/td>\n<td class=\"et5\" style=\"border-bottom: 1.0pt solid #000000;\" rowspan=\"2\">ASTM C297<\/td>\n<td class=\"et5\" style=\"border-bottom: 1.0pt solid #000000;\" rowspan=\"2\">Mpa<\/td>\n<td class=\"et6\">Valor promedio<\/td>\n<td class=\"et6\">72<\/td>\n<td class=\"et6\">79<\/td>\n<td class=\"et6\">96.1<\/td>\n<td class=\"et6\">149<\/td>\n<td class=\"et6\">165<\/td>\n<td class=\"et6\">221<\/td>\n<td class=\"et6\">296<\/td>\n<td class=\"et6\">342<\/td>\n<td class=\"et13\">408<\/td>\n<\/tr>\n<tr style=\"height: 15.15pt;\">\n<td class=\"et11\">Valor m\u00ednimo<\/td>\n<td class=\"et11\">63<\/td>\n<td class=\"et11\">73<\/td>\n<td class=\"et11\">83<\/td>\n<td class=\"et11\">128<\/td>\n<td class=\"et11\">151<\/td>\n<td class=\"et11\">173<\/td>\n<td class=\"et11\">238<\/td>\n<td class=\"et11\">304<\/td>\n<td class=\"et14\">356<\/td>\n<\/tr>\n<\/tbody>\n<\/table>\n<p>*Nota: Los datos anteriores son resultados promedio para varios productos, tomados de pruebas de rutina de producci\u00f3n.<\/p>\n<p>Los valores estad\u00edsticos m\u00ednimos para cumplir con los requisitos de dise\u00f1o de cada sociedad de clasificaci\u00f3n est\u00e1n disponibles a pedido.<\/p>\n<h3>Caracter\u00edsticas del producto:<\/h3>\n<p>\u2022 Baja absorci\u00f3n de agua<br \/>\n\u2022 Resistencia a altas temperaturas<br \/>\n\u2022 Alta relaci\u00f3n resistencia y rigidez respecto al peso.<br \/>\n\u2022 Excelente tolerancia al da\u00f1o<br \/>\n\u2022 Buena resistencia qu\u00edmica<br \/>\n\u2022 Aislamiento ac\u00fastico y t\u00e9rmico<br \/>\n\u2022 Resistencia al impacto<br \/>\n\u2022 Compatible con m\u00faltiples sistemas de resina<\/p>\n<h3>Caracter\u00edsticas t\u00e9cnicas:<\/h3>\n<table style=\"border-collapse: collapse; width: 727.22pt;\" border=\"0\" width=\"1212\" cellspacing=\"0\" cellpadding=\"0\">\n<tbody>\n<tr style=\"height: 14.40pt;\">\n<td class=\"et2\" style=\"height: 14.40pt; width: 160.70pt; border-right: .5pt solid #000000;\" colspan=\"2\" width=\"267\" height=\"24\">Tipo<\/td>\n<td class=\"et4\" style=\"width: 54.00pt;\" width=\"90\">Est\u00e1ndar<\/td>\n<td class=\"et4\" style=\"width: 75.60pt;\" width=\"126\">Unidad<\/td>\n<td class=\"et4\" style=\"width: 48.60pt;\" width=\"81\">HX45<\/td>\n<td class=\"et4\" style=\"width: 48.60pt;\" width=\"81\">HX50<\/td>\n<td class=\"et4\" style=\"width: 48.60pt;\" width=\"81\">HX60<\/td>\n<td class=\"et4\" style=\"width: 48.60pt;\" width=\"81\">HX80<\/td>\n<td class=\"et4\" style=\"width: 48.60pt;\" width=\"81\">HX100<\/td>\n<td class=\"et4\" style=\"width: 48.60pt;\" width=\"81\">HX130<\/td>\n<td class=\"et4\" style=\"width: 48.60pt;\" width=\"81\">HX200<\/td>\n<td class=\"et4\" style=\"width: 48.60pt;\" width=\"81\">HX250<\/td>\n<td class=\"et18\" style=\"width: 48.60pt;\" width=\"81\">HX300<\/td>\n<\/tr>\n<tr style=\"height: 14.40pt;\">\n<td class=\"et5\" style=\"height: 14.40pt; border-right: .5pt solid #000000;\" colspan=\"2\" height=\"24\">Conductividad t\u00e9rmica<\/td>\n<td class=\"et7\">EN 12667<\/td>\n<td class=\"et7\">W\/(mK)<\/td>\n<td class=\"et7\">0.028<\/td>\n<td class=\"et7\">0.028<\/td>\n<td class=\"et7\">0.029<\/td>\n<td class=\"et7\">0.031<\/td>\n<td class=\"et7\">0.033<\/td>\n<td class=\"et7\">0.036<\/td>\n<td class=\"et7\">0.044<\/td>\n<td class=\"et7\">0.049<\/td>\n<td class=\"et19\">0.055<\/td>\n<\/tr>\n<tr style=\"height: 30.00pt;\">\n<td class=\"et8\" style=\"height: 30.00pt; width: 160.70pt; border-right: .5pt solid #000000;\" colspan=\"2\" width=\"267\" height=\"50\">Coeficiente lineal de expansi\u00f3n t\u00e9rmica<\/td>\n<td class=\"et7\">ISO 4897<\/td>\n<td class=\"et7\">x10-6\/\u00b0C<\/td>\n<td class=\"et7\">40<\/td>\n<td class=\"et7\">40<\/td>\n<td class=\"et7\">40<\/td>\n<td class=\"et7\">40<\/td>\n<td class=\"et7\">40<\/td>\n<td class=\"et7\">40<\/td>\n<td class=\"et7\">40<\/td>\n<td class=\"et7\">40<\/td>\n<td class=\"et19\">40<\/td>\n<\/tr>\n<tr style=\"height: 14.40pt;\">\n<td class=\"et10\" style=\"height: 14.40pt; width: 160.70pt; border-right: .5pt solid #000000;\" colspan=\"2\" width=\"267\" height=\"24\">Deformaci\u00f3n t\u00e9rmica<\/td>\n<td class=\"et7\">DIN 53424<\/td>\n<td class=\"et7\">\u00b0C<\/td>\n<td class=\"et12\">+125<\/td>\n<td class=\"et12\">+125<\/td>\n<td class=\"et12\">+125<\/td>\n<td class=\"et12\">+125<\/td>\n<td class=\"et12\">+125<\/td>\n<td class=\"et12\">+125<\/td>\n<td class=\"et12\">+125<\/td>\n<td class=\"et12\">+125<\/td>\n<td class=\"et20\">+125<\/td>\n<\/tr>\n<tr style=\"height: 14.40pt;\">\n<td class=\"et13\" style=\"height: 14.40pt; width: 160.70pt; border-right: .5pt solid #000000;\" colspan=\"2\" width=\"267\" height=\"24\">Rango de temperatura continuo<\/td>\n<td class=\"et7\">\/<\/td>\n<td class=\"et7\">\u00b0C<\/td>\n<td class=\"et12\">-200\/+80<\/td>\n<td class=\"et12\">-200\/+80<\/td>\n<td class=\"et12\">-200\/+80<\/td>\n<td class=\"et12\">-200\/+80<\/td>\n<td class=\"et12\">-200\/+80<\/td>\n<td class=\"et12\">-200\/+80<\/td>\n<td class=\"et12\">-200\/+80<\/td>\n<td class=\"et12\">-200\/+80<\/td>\n<td class=\"et20\">-200\/+80<\/td>\n<\/tr>\n<tr style=\"height: 14.40pt;\">\n<td class=\"et10\" style=\"height: 14.40pt; width: 160.70pt; border-right: .5pt solid #000000;\" colspan=\"2\" width=\"267\" height=\"24\">Factor de disipaci\u00f3n<\/td>\n<td class=\"et7\">ASTM D 2520<\/td>\n<td class=\"et7\">\/<\/td>\n<td class=\"et7\">0.0002<\/td>\n<td class=\"et7\">0.00024<\/td>\n<td class=\"et7\">0.0003<\/td>\n<td class=\"et7\">0.0005<\/td>\n<td class=\"et7\">0.0006<\/td>\n<td class=\"et7\">0.0009<\/td>\n<td class=\"et7\">0.0015<\/td>\n<td class=\"et7\">0.0019<\/td>\n<td class=\"et19\">0.0024<\/td>\n<\/tr>\n<tr style=\"height: 14.40pt;\">\n<td class=\"et10\" style=\"height: 14.40pt; width: 160.70pt; border-right: .5pt solid #000000;\" colspan=\"2\" width=\"267\" height=\"24\">Permitividad<\/td>\n<td class=\"et7\">ASTM D 2520<\/td>\n<td class=\"et7\">\/<\/td>\n<td class=\"et7\">1.05<\/td>\n<td class=\"et7\">1.05<\/td>\n<td class=\"et7\">1.06<\/td>\n<td class=\"et7\">1.09<\/td>\n<td class=\"et7\">1.11<\/td>\n<td class=\"et7\">1.15<\/td>\n<td class=\"et7\">1.23<\/td>\n<td class=\"et7\">1.2<\/td>\n<td class=\"et19\">1.36<\/td>\n<\/tr>\n<tr style=\"height: 15.15pt;\">\n<td class=\"et15\" style=\"height: 15.15pt; width: 160.70pt; border-right: .5pt solid #000000;\" colspan=\"2\" width=\"267\" height=\"25\">Relaci\u00f3n de Poisson<\/td>\n<td class=\"et17\">D638-08<\/td>\n<td class=\"et17\">\/<\/td>\n<td class=\"et17\">0.4<\/td>\n<td class=\"et17\">0.4<\/td>\n<td class=\"et17\">0.4<\/td>\n<td class=\"et17\">0.4<\/td>\n<td class=\"et17\">0.4<\/td>\n<td class=\"et17\">0.4<\/td>\n<td class=\"et17\">0.4<\/td>\n<td class=\"et17\">0.4<\/td>\n<td class=\"et21\">0.4<\/td>\n<\/tr>\n<\/tbody>\n<\/table>\n<p>*Nota: Los datos anteriores son resultados promedio de varios productos, obtenidos de pruebas de producci\u00f3n rutinarias. Los valores estad\u00edsticos m\u00ednimos para cumplir con los requisitos de dise\u00f1o de cada sociedad de clasificaci\u00f3n est\u00e1n disponibles previa solicitud. Las temperaturas de funcionamiento continuo suelen ser de -200 \u00b0C a +80 \u00b0C. Para uso a altas temperaturas y bajo carga continua, contacte con el Servicio T\u00e9cnico para obtener instrucciones detalladas.<br \/>\nLa temperatura m\u00e1xima de procesamiento depende del tiempo, la presi\u00f3n y las condiciones del proceso. Por lo tanto, se recomienda contactar con el Servicio T\u00e9cnico para confirmar la compatibilidad de los par\u00e1metros de procesamiento espec\u00edficos de las espumas de la serie Cinon.<\/p>\n<h3>Especificaciones del producto:<\/h3>\n<table width=\"1131\">\n<tbody>\n<tr>\n<td width=\"158\">Tipo<\/td>\n<td width=\"109\">Est\u00e1ndar<\/td>\n<td width=\"90\">Unidad<\/td>\n<td width=\"126\">HX45<\/td>\n<td width=\"81\">HX50<\/td>\n<td width=\"81\">HX60<\/td>\n<td width=\"81\">HX80<\/td>\n<td width=\"81\">HX100<\/td>\n<td width=\"81\">HX130<\/td>\n<td width=\"81\">HX200<\/td>\n<td width=\"81\">HX250<\/td>\n<td width=\"81\">HX300<\/td>\n<\/tr>\n<tr>\n<td rowspan=\"3\">BLOQUEAR<\/td>\n<td>Longitud<\/td>\n<td>mm<\/td>\n<td>2500<\/td>\n<td>2400<\/td>\n<td>2400<\/td>\n<td>2330<\/td>\n<td>2050<\/td>\n<td>1950<\/td>\n<td>1750<\/td>\n<td>1480<\/td>\n<td>1450<\/td>\n<\/tr>\n<tr>\n<td>Ancho<\/td>\n<td>mm<\/td>\n<td>1250<\/td>\n<td>1200<\/td>\n<td>1200<\/td>\n<td>1150<\/td>\n<td>1050<\/td>\n<td>980<\/td>\n<td>870<\/td>\n<td>800<\/td>\n<td>750<\/td>\n<\/tr>\n<tr>\n<td>Espesor<\/td>\n<td>mm<\/td>\n<td>90<\/td>\n<td>90<\/td>\n<td>85<\/td>\n<td>75<\/td>\n<td>70<\/td>\n<td>60<\/td>\n<td>50<\/td>\n<td>45<\/td>\n<td>45<\/td>\n<\/tr>\n<tr>\n<td rowspan=\"3\" width=\"158\">Contorno<\/td>\n<td>Longitud<\/td>\n<td>mm<\/td>\n<td>1250<\/td>\n<td>1200<\/td>\n<td>1200<\/td>\n<td>1165<\/td>\n<td>1025<\/td>\n<td>975<\/td>\n<td>\/<\/td>\n<td>\/<\/td>\n<td>\/<\/td>\n<\/tr>\n<tr>\n<td>Ancho<\/td>\n<td>mm<\/td>\n<td>1250<\/td>\n<td>1200<\/td>\n<td>1200<\/td>\n<td>1150<\/td>\n<td>1050<\/td>\n<td>980<\/td>\n<td>\/<\/td>\n<td>\/<\/td>\n<td>\/<\/td>\n<\/tr>\n<tr>\n<td>Espesor<\/td>\n<td>mm<\/td>\n<td>5-65<\/td>\n<td>5-65<\/td>\n<td>5-65<\/td>\n<td>5-65<\/td>\n<td>5-65<\/td>\n<td>5-60<\/td>\n<td>\/<\/td>\n<td>\/<\/td>\n<td>\/<\/td>\n<\/tr>\n<tr>\n<td width=\"158\">Plano<\/td>\n<td>Espesor<\/td>\n<td>mm<\/td>\n<td>1-90<\/td>\n<td>1-90<\/td>\n<td>1-85<\/td>\n<td>1-75<\/td>\n<td>1-70<\/td>\n<td>1-60<\/td>\n<td>2-50<\/td>\n<td>2-45<\/td>\n<td>2-45<\/td>\n<\/tr>\n<\/tbody>\n<\/table>\n<p>&nbsp;<\/p>","protected":false},"excerpt":{"rendered":"<p>La serie Ltech es un material de espuma estructural de PVC r\u00edgido, reticulado y de celda cerrada. Presenta una excelente rigidez espec\u00edfica, resistencia espec\u00edfica, resistencia a la fatiga, resistencia al impacto y muy baja absorci\u00f3n de agua, lo que la convierte en un material ideal para el aislamiento ac\u00fastico y t\u00e9rmico. La serie Cinon adopta el proceso de espumado en suspensi\u00f3n acuosa, lo que permite una estructura reticulada completa y una espumaci\u00f3n m\u00e1s uniforme. Adem\u00e1s, evita por completo la deformaci\u00f3n del tablero original y los da\u00f1os estructurales internos causados por el prensado en caliente y la nivelaci\u00f3n. Adem\u00e1s, presenta buena estabilidad dimensional y procesabilidad, siendo ideal para diversos procesos de fabricaci\u00f3n de estructuras s\u00e1ndwich y compatible con diversos sistemas de resina.<\/p>","protected":false},"featured_media":3759,"template":"","meta":{"site-sidebar-layout":"default","site-content-layout":"default","ast-site-content-layout":"default","site-content-style":"default","site-sidebar-style":"default","ast-global-header-display":"","ast-banner-title-visibility":"","ast-main-header-display":"","ast-hfb-above-header-display":"","ast-hfb-below-header-display":"","ast-hfb-mobile-header-display":"","site-post-title":"","ast-breadcrumbs-content":"","ast-featured-img":"","footer-sml-layout":"","ast-disable-related-posts":"","theme-transparent-header-meta":"default","adv-header-id-meta":"","stick-header-meta":"default","header-above-stick-meta":"","header-main-stick-meta":"","header-below-stick-meta":"","astra-migrate-meta-layouts":"set","ast-page-background-enabled":"default","ast-page-background-meta":{"desktop":{"background-color":"var(--ast-global-color-4)","background-image":"","background-repeat":"repeat","background-position":"center center","background-size":"auto","background-attachment":"scroll","background-type":"","background-media":"","overlay-type":"","overlay-color":"","overlay-opacity":"","overlay-gradient":""},"tablet":{"background-color":"","background-image":"","background-repeat":"repeat","background-position":"center center","background-size":"auto","background-attachment":"scroll","background-type":"","background-media":"","overlay-type":"","overlay-color":"","overlay-opacity":"","overlay-gradient":""},"mobile":{"background-color":"","background-image":"","background-repeat":"repeat","background-position":"center center","background-size":"auto","background-attachment":"scroll","background-type":"","background-media":"","overlay-type":"","overlay-color":"","overlay-opacity":"","overlay-gradient":""}},"ast-content-background-meta":{"desktop":{"background-color":"var(--ast-global-color-5)","background-image":"","background-repeat":"repeat","background-position":"center center","background-size":"auto","background-attachment":"scroll","background-type":"","background-media":"","overlay-type":"","overlay-color":"","overlay-opacity":"","overlay-gradient":""},"tablet":{"background-color":"var(--ast-global-color-5)","background-image":"","background-repeat":"repeat","background-position":"center center","background-size":"auto","background-attachment":"scroll","background-type":"","background-media":"","overlay-type":"","overlay-color":"","overlay-opacity":"","overlay-gradient":""},"mobile":{"background-color":"var(--ast-global-color-5)","background-image":"","background-repeat":"repeat","background-position":"center center","background-size":"auto","background-attachment":"scroll","background-type":"","background-media":"","overlay-type":"","overlay-color":"","overlay-opacity":"","overlay-gradient":""}}},"product_brand":[],"product_cat":[15,16,17],"product_tag":[],"class_list":{"0":"post-624","1":"product","2":"type-product","3":"status-publish","4":"has-post-thumbnail","6":"product_cat-foam-core-panels","7":"product_cat-frp-sheets","8":"product_cat-structural-core-materials","9":"desktop-align-left","10":"tablet-align-left","11":"mobile-align-left","12":"ast-product-gallery-layout-horizontal","13":"ast-product-tabs-layout-horizontal","15":"first","16":"instock","17":"sale","18":"shipping-taxable","19":"purchasable","20":"product-type-simple"},"_links":{"self":[{"href":"https:\/\/ltechcomposite.com\/es\/wp-json\/wp\/v2\/product\/624","targetHints":{"allow":["GET"]}}],"collection":[{"href":"https:\/\/ltechcomposite.com\/es\/wp-json\/wp\/v2\/product"}],"about":[{"href":"https:\/\/ltechcomposite.com\/es\/wp-json\/wp\/v2\/types\/product"}],"version-history":[{"count":4,"href":"https:\/\/ltechcomposite.com\/es\/wp-json\/wp\/v2\/product\/624\/revisions"}],"predecessor-version":[{"id":5254,"href":"https:\/\/ltechcomposite.com\/es\/wp-json\/wp\/v2\/product\/624\/revisions\/5254"}],"wp:featuredmedia":[{"embeddable":true,"href":"https:\/\/ltechcomposite.com\/es\/wp-json\/wp\/v2\/media\/3759"}],"wp:attachment":[{"href":"https:\/\/ltechcomposite.com\/es\/wp-json\/wp\/v2\/media?parent=624"}],"wp:term":[{"taxonomy":"product_brand","embeddable":true,"href":"https:\/\/ltechcomposite.com\/es\/wp-json\/wp\/v2\/product_brand?post=624"},{"taxonomy":"product_cat","embeddable":true,"href":"https:\/\/ltechcomposite.com\/es\/wp-json\/wp\/v2\/product_cat?post=624"},{"taxonomy":"product_tag","embeddable":true,"href":"https:\/\/ltechcomposite.com\/es\/wp-json\/wp\/v2\/product_tag?post=624"}],"curies":[{"name":"wp","href":"https:\/\/api.w.org\/{rel}","templated":true}]}}