{"id":618,"date":"2025-06-12T03:04:16","date_gmt":"2025-06-12T03:04:16","guid":{"rendered":"https:\/\/ltechcomposite.com\/product\/full-automatic-compact-washer-with-wheels-1-6-cu-ft-11-lbs-capacity-with-6-wash-programs-washer\/"},"modified":"2025-10-02T02:58:51","modified_gmt":"2025-10-02T02:58:51","slug":"nucleo-de-espuma-para-mascotas","status":"publish","type":"product","link":"https:\/\/ltechcomposite.com\/es\/producto\/nucleo-de-espuma-para-mascotas\/","title":{"rendered":"N\u00facleo de espuma de PET"},"content":{"rendered":"<p>El PET es una espuma polim\u00e9rica termopl\u00e1stica renovable de celda cerrada con excelente resistencia mec\u00e1nica y a la fatiga, estabilidad qu\u00edmica, protecci\u00f3n UV y baja absorci\u00f3n de agua. Es qu\u00edmicamente estable en procesos a alta temperatura y postcurado, y presenta buena compatibilidad con las resinas y procesos de fabricaci\u00f3n m\u00e1s comunes.<\/p>\n<h3><strong>Caracter\u00edsticas del producto<\/strong><\/h3>\n<p>1:Excelentes propiedades mec\u00e1nicas (resistencia a la tracci\u00f3n, resistencia a la compresi\u00f3n, resistencia al impacto, etc.)<br \/>\n2: Excelente resistencia a la fatiga<br \/>\n3: Favorece la repetibilidad de la producci\u00f3n.<br \/>\n4: Excelente resistencia a altas y bajas temperaturas.<br \/>\n5: Peque\u00f1as fluctuaciones en las caracter\u00edsticas del producto pueden mejorar la estabilidad del proceso.<\/p>\n<p><img fetchpriority=\"high\" decoding=\"async\" class=\"alignnone size-full wp-image-3201\" src=\"https:\/\/ltechcomposite.com\/wp-content\/uploads\/2025\/06\/001-1.png\" alt=\"\" width=\"761\" height=\"466\" srcset=\"https:\/\/ltechcomposite.com\/wp-content\/uploads\/2025\/06\/001-1.png 761w, https:\/\/ltechcomposite.com\/wp-content\/uploads\/2025\/06\/001-1-300x184.png 300w, https:\/\/ltechcomposite.com\/wp-content\/uploads\/2025\/06\/001-1-18x12.png 18w, https:\/\/ltechcomposite.com\/wp-content\/uploads\/2025\/06\/001-1-600x367.png 600w\" sizes=\"(max-width: 761px) 100vw, 761px\" \/><\/p>","protected":false},"excerpt":{"rendered":"<p>El PET es una espuma polim\u00e9rica termopl\u00e1stica renovable de celda cerrada con excelente resistencia mec\u00e1nica y a la fatiga, estabilidad qu\u00edmica, protecci\u00f3n UV y baja absorci\u00f3n de agua. Es qu\u00edmicamente estable en procesos a alta temperatura y postcurado, y presenta buena compatibilidad con las resinas y procesos de fabricaci\u00f3n m\u00e1s comunes.<\/p>","protected":false},"featured_media":3252,"template":"","meta":{"site-sidebar-layout":"default","site-content-layout":"default","ast-site-content-layout":"default","site-content-style":"default","site-sidebar-style":"default","ast-global-header-display":"","ast-banner-title-visibility":"","ast-main-header-display":"","ast-hfb-above-header-display":"","ast-hfb-below-header-display":"","ast-hfb-mobile-header-display":"","site-post-title":"","ast-breadcrumbs-content":"","ast-featured-img":"","footer-sml-layout":"","ast-disable-related-posts":"","theme-transparent-header-meta":"default","adv-header-id-meta":"","stick-header-meta":"default","header-above-stick-meta":"","header-main-stick-meta":"","header-below-stick-meta":"","astra-migrate-meta-layouts":"set","ast-page-background-enabled":"default","ast-page-background-meta":{"desktop":{"background-color":"var(--ast-global-color-4)","background-image":"","background-repeat":"repeat","background-position":"center center","background-size":"auto","background-attachment":"scroll","background-type":"","background-media":"","overlay-type":"","overlay-color":"","overlay-opacity":"","overlay-gradient":""},"tablet":{"background-color":"","background-image":"","background-repeat":"repeat","background-position":"center center","background-size":"auto","background-attachment":"scroll","background-type":"","background-media":"","overlay-type":"","overlay-color":"","overlay-opacity":"","overlay-gradient":""},"mobile":{"background-color":"","background-image":"","background-repeat":"repeat","background-position":"center center","background-size":"auto","background-attachment":"scroll","background-type":"","background-media":"","overlay-type":"","overlay-color":"","overlay-opacity":"","overlay-gradient":""}},"ast-content-background-meta":{"desktop":{"background-color":"var(--ast-global-color-5)","background-image":"","background-repeat":"repeat","background-position":"center center","background-size":"auto","background-attachment":"scroll","background-type":"","background-media":"","overlay-type":"","overlay-color":"","overlay-opacity":"","overlay-gradient":""},"tablet":{"background-color":"var(--ast-global-color-5)","background-image":"","background-repeat":"repeat","background-position":"center center","background-size":"auto","background-attachment":"scroll","background-type":"","background-media":"","overlay-type":"","overlay-color":"","overlay-opacity":"","overlay-gradient":""},"mobile":{"background-color":"var(--ast-global-color-5)","background-image":"","background-repeat":"repeat","background-position":"center center","background-size":"auto","background-attachment":"scroll","background-type":"","background-media":"","overlay-type":"","overlay-color":"","overlay-opacity":"","overlay-gradient":""}}},"product_brand":[],"product_cat":[15,16,23],"product_tag":[],"class_list":{"0":"post-618","1":"product","2":"type-product","3":"status-publish","4":"has-post-thumbnail","6":"product_cat-foam-core-panels","7":"product_cat-frp-sheets","8":"product_cat-honeycomb-core-panels","9":"desktop-align-left","10":"tablet-align-left","11":"mobile-align-left","12":"ast-product-gallery-layout-horizontal","13":"ast-product-tabs-layout-horizontal","15":"first","16":"instock","17":"sale","18":"shipping-taxable","19":"purchasable","20":"product-type-simple"},"_links":{"self":[{"href":"https:\/\/ltechcomposite.com\/es\/wp-json\/wp\/v2\/product\/618","targetHints":{"allow":["GET"]}}],"collection":[{"href":"https:\/\/ltechcomposite.com\/es\/wp-json\/wp\/v2\/product"}],"about":[{"href":"https:\/\/ltechcomposite.com\/es\/wp-json\/wp\/v2\/types\/product"}],"version-history":[{"count":2,"href":"https:\/\/ltechcomposite.com\/es\/wp-json\/wp\/v2\/product\/618\/revisions"}],"predecessor-version":[{"id":3295,"href":"https:\/\/ltechcomposite.com\/es\/wp-json\/wp\/v2\/product\/618\/revisions\/3295"}],"wp:featuredmedia":[{"embeddable":true,"href":"https:\/\/ltechcomposite.com\/es\/wp-json\/wp\/v2\/media\/3252"}],"wp:attachment":[{"href":"https:\/\/ltechcomposite.com\/es\/wp-json\/wp\/v2\/media?parent=618"}],"wp:term":[{"taxonomy":"product_brand","embeddable":true,"href":"https:\/\/ltechcomposite.com\/es\/wp-json\/wp\/v2\/product_brand?post=618"},{"taxonomy":"product_cat","embeddable":true,"href":"https:\/\/ltechcomposite.com\/es\/wp-json\/wp\/v2\/product_cat?post=618"},{"taxonomy":"product_tag","embeddable":true,"href":"https:\/\/ltechcomposite.com\/es\/wp-json\/wp\/v2\/product_tag?post=618"}],"curies":[{"name":"wp","href":"https:\/\/api.w.org\/{rel}","templated":true}]}}