{"id":616,"date":"2025-06-12T03:04:16","date_gmt":"2025-06-12T03:04:16","guid":{"rendered":"https:\/\/ltechcomposite.com\/product\/18-lbs-combination-washer-dryer-sanitize-allergen-winterize-vented-dry-2021-model-white\/"},"modified":"2025-10-02T02:58:51","modified_gmt":"2025-10-02T02:58:51","slug":"nucleo-de-panal-de-aramida","status":"publish","type":"product","link":"https:\/\/ltechcomposite.com\/es\/producto\/nucleo-de-panal-de-aramida\/","title":{"rendered":"N\u00facleo de panal de aramida"},"content":{"rendered":"<p>El panal de Nomex es el est\u00e1ndar para la construcci\u00f3n ligera de compuestos no met\u00e1licos. El panal de grado comercial, fabricado con papel de fibra de aramida recubierto con resina fen\u00f3lica resistente al calor, ofrece excelente resiliencia, baja densidad, precio m\u00e1s bajo y una alta relaci\u00f3n resistencia-peso.<\/p>\n<table>\n<tbody>\n<tr>\n<td width=\"315\">Tama\u00f1o de la celda<\/td>\n<td width=\"622\">1,83, 2,75, 3,67, 5,5 mm<\/td>\n<\/tr>\n<tr>\n<td width=\"315\">Densidad<\/td>\n<td width=\"622\">32, 40, 48, 64, 80, 96, 128 kg\/m\u00b3<\/td>\n<\/tr>\n<tr>\n<td width=\"315\">Estado del suministro<\/td>\n<td width=\"622\">Tira de corte, bloque telef\u00f3nico fijo, bloque de corte en rodajas<\/td>\n<\/tr>\n<tr>\n<td width=\"315\">Dimensi\u00f3n<\/td>\n<td width=\"622\">2440*1220 mm<\/td>\n<\/tr>\n<tr>\n<td width=\"315\">Propiedades mec\u00e1nicas<\/td>\n<td width=\"622\">0,43~5,52 MPa<\/td>\n<\/tr>\n<tr>\n<td width=\"315\">Temperatura de trabajo<\/td>\n<td width=\"622\">-60 ~ 180\u2103<\/td>\n<\/tr>\n<tr>\n<td width=\"315\">Condici\u00f3n de almacenamiento<\/td>\n<td width=\"622\">Conservar a temperatura normal y en condiciones secas.<\/td>\n<\/tr>\n<\/tbody>\n<\/table>\n<p>&nbsp;<\/p>\n<p><img fetchpriority=\"high\" decoding=\"async\" class=\"wp-image-2851 size-full alignleft\" src=\"https:\/\/ltechcomposite.com\/wp-content\/uploads\/2025\/06\/006.png\" alt=\"\" width=\"750\" height=\"202\" srcset=\"https:\/\/ltechcomposite.com\/wp-content\/uploads\/2025\/06\/006.png 750w, https:\/\/ltechcomposite.com\/wp-content\/uploads\/2025\/06\/006-300x81.png 300w, https:\/\/ltechcomposite.com\/wp-content\/uploads\/2025\/06\/006-18x5.png 18w, https:\/\/ltechcomposite.com\/wp-content\/uploads\/2025\/06\/006-600x162.png 600w\" sizes=\"(max-width: 750px) 100vw, 750px\" \/><\/p>\n<p><img decoding=\"async\" class=\"alignnone size-full wp-image-2861\" src=\"https:\/\/ltechcomposite.com\/wp-content\/uploads\/2025\/06\/007.png\" alt=\"\" width=\"634\" height=\"316\" srcset=\"https:\/\/ltechcomposite.com\/wp-content\/uploads\/2025\/06\/007.png 634w, https:\/\/ltechcomposite.com\/wp-content\/uploads\/2025\/06\/007-300x150.png 300w, https:\/\/ltechcomposite.com\/wp-content\/uploads\/2025\/06\/007-18x9.png 18w, https:\/\/ltechcomposite.com\/wp-content\/uploads\/2025\/06\/007-600x299.png 600w\" sizes=\"(max-width: 634px) 100vw, 634px\" \/><\/p>\n<p><img decoding=\"async\" class=\"alignnone size-full wp-image-2864\" src=\"https:\/\/ltechcomposite.com\/wp-content\/uploads\/2025\/06\/008.png\" alt=\"\" width=\"750\" height=\"473\" srcset=\"https:\/\/ltechcomposite.com\/wp-content\/uploads\/2025\/06\/008.png 750w, https:\/\/ltechcomposite.com\/wp-content\/uploads\/2025\/06\/008-300x189.png 300w, https:\/\/ltechcomposite.com\/wp-content\/uploads\/2025\/06\/008-18x12.png 18w, https:\/\/ltechcomposite.com\/wp-content\/uploads\/2025\/06\/008-600x378.png 600w\" sizes=\"(max-width: 750px) 100vw, 750px\" \/> <img loading=\"lazy\" decoding=\"async\" class=\"alignnone size-full wp-image-2868\" src=\"https:\/\/ltechcomposite.com\/wp-content\/uploads\/2025\/06\/009.png\" alt=\"\" width=\"750\" height=\"516\" srcset=\"https:\/\/ltechcomposite.com\/wp-content\/uploads\/2025\/06\/009.png 750w, https:\/\/ltechcomposite.com\/wp-content\/uploads\/2025\/06\/009-300x206.png 300w, https:\/\/ltechcomposite.com\/wp-content\/uploads\/2025\/06\/009-18x12.png 18w, https:\/\/ltechcomposite.com\/wp-content\/uploads\/2025\/06\/009-600x413.png 600w\" sizes=\"(max-width: 750px) 100vw, 750px\" \/><\/p>\n<p><img loading=\"lazy\" decoding=\"async\" class=\"alignnone size-full wp-image-2872\" src=\"https:\/\/ltechcomposite.com\/wp-content\/uploads\/2025\/06\/010.png\" alt=\"\" width=\"750\" height=\"488\" srcset=\"https:\/\/ltechcomposite.com\/wp-content\/uploads\/2025\/06\/010.png 750w, https:\/\/ltechcomposite.com\/wp-content\/uploads\/2025\/06\/010-300x195.png 300w, https:\/\/ltechcomposite.com\/wp-content\/uploads\/2025\/06\/010-18x12.png 18w, https:\/\/ltechcomposite.com\/wp-content\/uploads\/2025\/06\/010-600x390.png 600w\" sizes=\"(max-width: 750px) 100vw, 750px\" \/><\/p>\n<p>Ventaja del producto<\/p>\n<p><img loading=\"lazy\" decoding=\"async\" class=\"alignnone size-full wp-image-2875\" src=\"https:\/\/ltechcomposite.com\/wp-content\/uploads\/2025\/06\/011.png\" alt=\"\" width=\"750\" height=\"717\" srcset=\"https:\/\/ltechcomposite.com\/wp-content\/uploads\/2025\/06\/011.png 750w, https:\/\/ltechcomposite.com\/wp-content\/uploads\/2025\/06\/011-300x287.png 300w, https:\/\/ltechcomposite.com\/wp-content\/uploads\/2025\/06\/011-13x12.png 13w, https:\/\/ltechcomposite.com\/wp-content\/uploads\/2025\/06\/011-600x574.png 600w\" sizes=\"(max-width: 750px) 100vw, 750px\" \/><\/p>\n<p>Referirse a<\/p>\n<p><img loading=\"lazy\" decoding=\"async\" class=\"alignnone size-full wp-image-2860\" src=\"https:\/\/ltechcomposite.com\/wp-content\/uploads\/2025\/06\/012.png\" alt=\"\" width=\"750\" height=\"449\" srcset=\"https:\/\/ltechcomposite.com\/wp-content\/uploads\/2025\/06\/012.png 750w, https:\/\/ltechcomposite.com\/wp-content\/uploads\/2025\/06\/012-300x180.png 300w, https:\/\/ltechcomposite.com\/wp-content\/uploads\/2025\/06\/012-18x12.png 18w, https:\/\/ltechcomposite.com\/wp-content\/uploads\/2025\/06\/012-600x359.png 600w\" sizes=\"(max-width: 750px) 100vw, 750px\" \/><\/p>\n<p>&nbsp;<\/p>","protected":false},"excerpt":{"rendered":"<p>El panal de Nomex es el est\u00e1ndar para la construcci\u00f3n ligera de compuestos no met\u00e1licos. El panal de grado comercial, fabricado con papel de fibra de aramida recubierto con resina fen\u00f3lica resistente al calor, ofrece excelente resiliencia, baja densidad, precio m\u00e1s bajo y una alta relaci\u00f3n resistencia-peso.<\/p>","protected":false},"featured_media":2834,"template":"","meta":{"site-sidebar-layout":"default","site-content-layout":"default","ast-site-content-layout":"default","site-content-style":"default","site-sidebar-style":"default","ast-global-header-display":"","ast-banner-title-visibility":"","ast-main-header-display":"","ast-hfb-above-header-display":"","ast-hfb-below-header-display":"","ast-hfb-mobile-header-display":"","site-post-title":"","ast-breadcrumbs-content":"","ast-featured-img":"","footer-sml-layout":"","ast-disable-related-posts":"","theme-transparent-header-meta":"default","adv-header-id-meta":"","stick-header-meta":"default","header-above-stick-meta":"","header-main-stick-meta":"","header-below-stick-meta":"","astra-migrate-meta-layouts":"set","ast-page-background-enabled":"default","ast-page-background-meta":{"desktop":{"background-color":"var(--ast-global-color-4)","background-image":"","background-repeat":"repeat","background-position":"center center","background-size":"auto","background-attachment":"scroll","background-type":"","background-media":"","overlay-type":"","overlay-color":"","overlay-opacity":"","overlay-gradient":""},"tablet":{"background-color":"","background-image":"","background-repeat":"repeat","background-position":"center center","background-size":"auto","background-attachment":"scroll","background-type":"","background-media":"","overlay-type":"","overlay-color":"","overlay-opacity":"","overlay-gradient":""},"mobile":{"background-color":"","background-image":"","background-repeat":"repeat","background-position":"center center","background-size":"auto","background-attachment":"scroll","background-type":"","background-media":"","overlay-type":"","overlay-color":"","overlay-opacity":"","overlay-gradient":""}},"ast-content-background-meta":{"desktop":{"background-color":"var(--ast-global-color-5)","background-image":"","background-repeat":"repeat","background-position":"center center","background-size":"auto","background-attachment":"scroll","background-type":"","background-media":"","overlay-type":"","overlay-color":"","overlay-opacity":"","overlay-gradient":""},"tablet":{"background-color":"var(--ast-global-color-5)","background-image":"","background-repeat":"repeat","background-position":"center center","background-size":"auto","background-attachment":"scroll","background-type":"","background-media":"","overlay-type":"","overlay-color":"","overlay-opacity":"","overlay-gradient":""},"mobile":{"background-color":"var(--ast-global-color-5)","background-image":"","background-repeat":"repeat","background-position":"center center","background-size":"auto","background-attachment":"scroll","background-type":"","background-media":"","overlay-type":"","overlay-color":"","overlay-opacity":"","overlay-gradient":""}}},"product_brand":[],"product_cat":[15,16,23],"product_tag":[],"class_list":{"0":"post-616","1":"product","2":"type-product","3":"status-publish","4":"has-post-thumbnail","6":"product_cat-foam-core-panels","7":"product_cat-frp-sheets","8":"product_cat-honeycomb-core-panels","9":"desktop-align-left","10":"tablet-align-left","11":"mobile-align-left","12":"ast-product-gallery-layout-horizontal","13":"ast-product-tabs-layout-horizontal","15":"first","16":"instock","17":"sale","18":"shipping-taxable","19":"purchasable","20":"product-type-simple"},"_links":{"self":[{"href":"https:\/\/ltechcomposite.com\/es\/wp-json\/wp\/v2\/product\/616","targetHints":{"allow":["GET"]}}],"collection":[{"href":"https:\/\/ltechcomposite.com\/es\/wp-json\/wp\/v2\/product"}],"about":[{"href":"https:\/\/ltechcomposite.com\/es\/wp-json\/wp\/v2\/types\/product"}],"version-history":[{"count":4,"href":"https:\/\/ltechcomposite.com\/es\/wp-json\/wp\/v2\/product\/616\/revisions"}],"predecessor-version":[{"id":2994,"href":"https:\/\/ltechcomposite.com\/es\/wp-json\/wp\/v2\/product\/616\/revisions\/2994"}],"wp:featuredmedia":[{"embeddable":true,"href":"https:\/\/ltechcomposite.com\/es\/wp-json\/wp\/v2\/media\/2834"}],"wp:attachment":[{"href":"https:\/\/ltechcomposite.com\/es\/wp-json\/wp\/v2\/media?parent=616"}],"wp:term":[{"taxonomy":"product_brand","embeddable":true,"href":"https:\/\/ltechcomposite.com\/es\/wp-json\/wp\/v2\/product_brand?post=616"},{"taxonomy":"product_cat","embeddable":true,"href":"https:\/\/ltechcomposite.com\/es\/wp-json\/wp\/v2\/product_cat?post=616"},{"taxonomy":"product_tag","embeddable":true,"href":"https:\/\/ltechcomposite.com\/es\/wp-json\/wp\/v2\/product_tag?post=616"}],"curies":[{"name":"wp","href":"https:\/\/api.w.org\/{rel}","templated":true}]}}