{"id":2164,"date":"2025-06-14T11:54:10","date_gmt":"2025-06-14T11:54:10","guid":{"rendered":"https:\/\/ltechcomposite.com\/?page_id=2164"},"modified":"2025-10-07T13:44:04","modified_gmt":"2025-10-07T13:44:04","slug":"noticias","status":"publish","type":"page","link":"https:\/\/ltechcomposite.com\/es\/noticias\/","title":{"rendered":"Noticias"},"content":{"rendered":"<div data-elementor-type=\"wp-page\" data-elementor-id=\"2164\" class=\"elementor elementor-2164\" data-elementor-post-type=\"page\">\n\t\t\t\t<div class=\"elementor-element elementor-element-8fd98fd e-con-full e-flex e-con e-parent\" data-id=\"8fd98fd\" data-element_type=\"container\" data-e-type=\"container\" data-settings=\"{&quot;background_background&quot;:&quot;classic&quot;}\">\n\t\t\t\t<\/div>\n\t\t<div class=\"elementor-element elementor-element-20fff92 e-flex e-con-boxed e-con e-parent\" data-id=\"20fff92\" data-element_type=\"container\" data-e-type=\"container\">\n\t\t\t\t\t<div class=\"e-con-inner\">\n\t\t\t\t<div class=\"elementor-element elementor-element-253c947 elementor-grid-4 elementor-posts--align-left elementor-grid-tablet-2 elementor-grid-mobile-1 elementor-posts--thumbnail-top elementor-widget elementor-widget-posts\" data-id=\"253c947\" data-element_type=\"widget\" data-e-type=\"widget\" data-settings=\"{&quot;classic_columns&quot;:&quot;4&quot;,&quot;pagination_type&quot;:&quot;numbers_and_prev_next&quot;,&quot;classic_row_gap_mobile&quot;:{&quot;unit&quot;:&quot;px&quot;,&quot;size&quot;:10,&quot;sizes&quot;:[]},&quot;classic_row_gap&quot;:{&quot;unit&quot;:&quot;px&quot;,&quot;size&quot;:30,&quot;sizes&quot;:[]},&quot;classic_columns_tablet&quot;:&quot;2&quot;,&quot;classic_columns_mobile&quot;:&quot;1&quot;,&quot;classic_row_gap_tablet&quot;:{&quot;unit&quot;:&quot;px&quot;,&quot;size&quot;:&quot;&quot;,&quot;sizes&quot;:[]}}\" data-widget_type=\"posts.classic\">\n\t\t\t\t<div class=\"elementor-widget-container\">\n\t\t\t\t\t\t\t<div class=\"elementor-posts-container elementor-posts elementor-posts--skin-classic elementor-grid\" role=\"list\">\n\t\t\t\t<article class=\"elementor-post elementor-grid-item post-2645 post type-post status-publish format-standard has-post-thumbnail hentry category-news\" role=\"listitem\">\n\t\t\t\t<a class=\"elementor-post__thumbnail__link\" href=\"https:\/\/ltechcomposite.com\/es\/la-guia-completa-para-la-seleccion-del-material-del-nucleo-para-paneles-compuestos-de-frp\/\" tabindex=\"-1\" >\n\t\t\t<div class=\"elementor-post__thumbnail\"><img fetchpriority=\"high\" decoding=\"async\" width=\"750\" height=\"499\" src=\"https:\/\/ltechcomposite.com\/wp-content\/uploads\/2025\/09\/FRP-composties-panel.webp\" class=\"attachment-medium_large size-medium_large wp-image-2638\" alt=\"\" srcset=\"https:\/\/ltechcomposite.com\/wp-content\/uploads\/2025\/09\/FRP-composties-panel.webp 750w, https:\/\/ltechcomposite.com\/wp-content\/uploads\/2025\/09\/FRP-composties-panel-300x200.webp 300w, https:\/\/ltechcomposite.com\/wp-content\/uploads\/2025\/09\/FRP-composties-panel-18x12.webp 18w, https:\/\/ltechcomposite.com\/wp-content\/uploads\/2025\/09\/FRP-composties-panel-600x399.webp 600w\" sizes=\"(max-width: 750px) 100vw, 750px\" \/><\/div>\n\t\t<\/a>\n\t\t\t\t<div class=\"elementor-post__text\">\n\t\t\t\t<h3 class=\"elementor-post__title\">\n\t\t\t<a href=\"https:\/\/ltechcomposite.com\/es\/la-guia-completa-para-la-seleccion-del-material-del-nucleo-para-paneles-compuestos-de-frp\/\" >\n\t\t\t\tGu\u00eda completa para la selecci\u00f3n de materiales b\u00e1sicos para paneles compuestos de FRP\t\t\t<\/a>\n\t\t<\/h3>\n\t\t\t\t<div class=\"elementor-post__meta-data\">\n\t\t\t\t\t<span class=\"elementor-post-date\">\n\t\t\t15 de julio de 2025\t\t<\/span>\n\t\t\t\t<\/div>\n\t\t\t\t<\/div>\n\t\t\t\t<\/article>\n\t\t\t\t<article class=\"elementor-post elementor-grid-item post-2642 post type-post status-publish format-standard has-post-thumbnail hentry category-news\" role=\"listitem\">\n\t\t\t\t<a class=\"elementor-post__thumbnail__link\" href=\"https:\/\/ltechcomposite.com\/es\/ltech-desarrolla-con-exito-paneles-planos-recubiertos-de-gel-frp-antiestatico\/\" tabindex=\"-1\" >\n\t\t\t<div class=\"elementor-post__thumbnail\"><img decoding=\"async\" width=\"750\" height=\"500\" src=\"https:\/\/ltechcomposite.com\/wp-content\/uploads\/2025\/09\/LTECH-successfully.webp\" class=\"attachment-medium_large size-medium_large wp-image-2639\" alt=\"\" srcset=\"https:\/\/ltechcomposite.com\/wp-content\/uploads\/2025\/09\/LTECH-successfully.webp 750w, https:\/\/ltechcomposite.com\/wp-content\/uploads\/2025\/09\/LTECH-successfully-300x200.webp 300w, https:\/\/ltechcomposite.com\/wp-content\/uploads\/2025\/09\/LTECH-successfully-18x12.webp 18w, https:\/\/ltechcomposite.com\/wp-content\/uploads\/2025\/09\/LTECH-successfully-600x400.webp 600w\" sizes=\"(max-width: 750px) 100vw, 750px\" \/><\/div>\n\t\t<\/a>\n\t\t\t\t<div class=\"elementor-post__text\">\n\t\t\t\t<h3 class=\"elementor-post__title\">\n\t\t\t<a href=\"https:\/\/ltechcomposite.com\/es\/ltech-desarrolla-con-exito-paneles-planos-recubiertos-de-gel-frp-antiestatico\/\" >\n\t\t\t\tLTECH desarrolla con \u00e9xito paneles planos recubiertos de gel FRP antiest\u00e1tico\t\t\t<\/a>\n\t\t<\/h3>\n\t\t\t\t<div class=\"elementor-post__meta-data\">\n\t\t\t\t\t<span class=\"elementor-post-date\">\n\t\t\t28 de febrero de 2025\t\t<\/span>\n\t\t\t\t<\/div>\n\t\t\t\t<\/div>\n\t\t\t\t<\/article>\n\t\t\t\t<article class=\"elementor-post elementor-grid-item post-2648 post type-post status-publish format-standard has-post-thumbnail hentry category-news\" role=\"listitem\">\n\t\t\t\t<a class=\"elementor-post__thumbnail__link\" href=\"https:\/\/ltechcomposite.com\/es\/donde-se-utilizan-generalmente-los-paneles-de-frp-epoxi-y-cuales-son-los-requisitos-para-los-paneles\/\" tabindex=\"-1\" >\n\t\t\t<div class=\"elementor-post__thumbnail\"><img decoding=\"async\" width=\"750\" height=\"499\" src=\"https:\/\/ltechcomposite.com\/wp-content\/uploads\/2025\/09\/epoxy-FRP-panel.webp\" class=\"attachment-medium_large size-medium_large wp-image-2637\" alt=\"\" srcset=\"https:\/\/ltechcomposite.com\/wp-content\/uploads\/2025\/09\/epoxy-FRP-panel.webp 750w, https:\/\/ltechcomposite.com\/wp-content\/uploads\/2025\/09\/epoxy-FRP-panel-300x200.webp 300w, https:\/\/ltechcomposite.com\/wp-content\/uploads\/2025\/09\/epoxy-FRP-panel-18x12.webp 18w, https:\/\/ltechcomposite.com\/wp-content\/uploads\/2025\/09\/epoxy-FRP-panel-600x399.webp 600w\" sizes=\"(max-width: 750px) 100vw, 750px\" \/><\/div>\n\t\t<\/a>\n\t\t\t\t<div class=\"elementor-post__text\">\n\t\t\t\t<h3 class=\"elementor-post__title\">\n\t\t\t<a href=\"https:\/\/ltechcomposite.com\/es\/donde-se-utilizan-generalmente-los-paneles-de-frp-epoxi-y-cuales-son-los-requisitos-para-los-paneles\/\" >\n\t\t\t\t\u00bfD\u00f3nde se utilizan generalmente los paneles FRP epoxi y cu\u00e1les son los requisitos para los paneles?\t\t\t<\/a>\n\t\t<\/h3>\n\t\t\t\t<div class=\"elementor-post__meta-data\">\n\t\t\t\t\t<span class=\"elementor-post-date\">\n\t\t\t9 de septiembre de 2024\t\t<\/span>\n\t\t\t\t<\/div>\n\t\t\t\t<\/div>\n\t\t\t\t<\/article>\n\t\t\t\t<article class=\"elementor-post elementor-grid-item post-2636 post type-post status-publish format-standard has-post-thumbnail hentry category-news\" role=\"listitem\">\n\t\t\t\t<a class=\"elementor-post__thumbnail__link\" href=\"https:\/\/ltechcomposite.com\/es\/una-nueva-opcion-para-paneles-de-carroceria-de-vehiculos-de-nueva-energia-las-amplias-ventajas-de-los-paneles-de-frp\/\" tabindex=\"-1\" >\n\t\t\t<div class=\"elementor-post__thumbnail\"><img loading=\"lazy\" decoding=\"async\" width=\"750\" height=\"500\" src=\"https:\/\/ltechcomposite.com\/wp-content\/uploads\/2025\/09\/New-energy-vehicle.webp\" class=\"attachment-medium_large size-medium_large wp-image-2640\" alt=\"\" srcset=\"https:\/\/ltechcomposite.com\/wp-content\/uploads\/2025\/09\/New-energy-vehicle.webp 750w, https:\/\/ltechcomposite.com\/wp-content\/uploads\/2025\/09\/New-energy-vehicle-300x200.webp 300w, https:\/\/ltechcomposite.com\/wp-content\/uploads\/2025\/09\/New-energy-vehicle-18x12.webp 18w, https:\/\/ltechcomposite.com\/wp-content\/uploads\/2025\/09\/New-energy-vehicle-600x400.webp 600w\" sizes=\"(max-width: 750px) 100vw, 750px\" \/><\/div>\n\t\t<\/a>\n\t\t\t\t<div class=\"elementor-post__text\">\n\t\t\t\t<h3 class=\"elementor-post__title\">\n\t\t\t<a href=\"https:\/\/ltechcomposite.com\/es\/una-nueva-opcion-para-paneles-de-carroceria-de-vehiculos-de-nueva-energia-las-amplias-ventajas-de-los-paneles-de-frp\/\" >\n\t\t\t\tUna nueva opci\u00f3n para paneles de carrocer\u00eda de veh\u00edculos de nueva energ\u00eda: las ventajas integrales de los paneles FRP\t\t\t<\/a>\n\t\t<\/h3>\n\t\t\t\t<div class=\"elementor-post__meta-data\">\n\t\t\t\t\t<span class=\"elementor-post-date\">\n\t\t\t6 de enero de 2022\t\t<\/span>\n\t\t\t\t<\/div>\n\t\t\t\t<\/div>\n\t\t\t\t<\/article>\n\t\t\t\t<\/div>\n\t\t\n\t\t\t\t\t\t<\/div>\n\t\t\t\t<\/div>\n\t\t\t\t\t<\/div>\n\t\t\t\t<\/div>\n\t\t\t\t<\/div>","protected":false},"excerpt":{"rendered":"","protected":false},"author":1,"featured_media":0,"parent":0,"menu_order":0,"comment_status":"closed","ping_status":"closed","template":"elementor_header_footer","meta":{"site-sidebar-layout":"no-sidebar","site-content-layout":"page-builder","ast-site-content-layout":"full-width-container","site-content-style":"default","site-sidebar-style":"default","ast-global-header-display":"","ast-banner-title-visibility":"","ast-main-header-display":"","ast-hfb-above-header-display":"","ast-hfb-below-header-display":"","ast-hfb-mobile-header-display":"","site-post-title":"disabled","ast-breadcrumbs-content":"","ast-featured-img":"disabled","footer-sml-layout":"","ast-disable-related-posts":"","theme-transparent-header-meta":"","adv-header-id-meta":"","stick-header-meta":"","header-above-stick-meta":"","header-main-stick-meta":"","header-below-stick-meta":"","astra-migrate-meta-layouts":"set","ast-page-background-enabled":"default","ast-page-background-meta":{"desktop":{"background-color":"var(--ast-global-color-4)","background-image":"","background-repeat":"repeat","background-position":"center center","background-size":"auto","background-attachment":"scroll","background-type":"","background-media":"","overlay-type":"","overlay-color":"","overlay-opacity":"","overlay-gradient":""},"tablet":{"background-color":"","background-image":"","background-repeat":"repeat","background-position":"center center","background-size":"auto","background-attachment":"scroll","background-type":"","background-media":"","overlay-type":"","overlay-color":"","overlay-opacity":"","overlay-gradient":""},"mobile":{"background-color":"","background-image":"","background-repeat":"repeat","background-position":"center center","background-size":"auto","background-attachment":"scroll","background-type":"","background-media":"","overlay-type":"","overlay-color":"","overlay-opacity":"","overlay-gradient":""}},"ast-content-background-meta":{"desktop":{"background-color":"var(--ast-global-color-5)","background-image":"","background-repeat":"repeat","background-position":"center center","background-size":"auto","background-attachment":"scroll","background-type":"","background-media":"","overlay-type":"","overlay-color":"","overlay-opacity":"","overlay-gradient":""},"tablet":{"background-color":"var(--ast-global-color-5)","background-image":"","background-repeat":"repeat","background-position":"center center","background-size":"auto","background-attachment":"scroll","background-type":"","background-media":"","overlay-type":"","overlay-color":"","overlay-opacity":"","overlay-gradient":""},"mobile":{"background-color":"var(--ast-global-color-5)","background-image":"","background-repeat":"repeat","background-position":"center center","background-size":"auto","background-attachment":"scroll","background-type":"","background-media":"","overlay-type":"","overlay-color":"","overlay-opacity":"","overlay-gradient":""}},"footnotes":""},"class_list":["post-2164","page","type-page","status-publish","hentry"],"_links":{"self":[{"href":"https:\/\/ltechcomposite.com\/es\/wp-json\/wp\/v2\/pages\/2164","targetHints":{"allow":["GET"]}}],"collection":[{"href":"https:\/\/ltechcomposite.com\/es\/wp-json\/wp\/v2\/pages"}],"about":[{"href":"https:\/\/ltechcomposite.com\/es\/wp-json\/wp\/v2\/types\/page"}],"author":[{"embeddable":true,"href":"https:\/\/ltechcomposite.com\/es\/wp-json\/wp\/v2\/users\/1"}],"replies":[{"embeddable":true,"href":"https:\/\/ltechcomposite.com\/es\/wp-json\/wp\/v2\/comments?post=2164"}],"version-history":[{"count":34,"href":"https:\/\/ltechcomposite.com\/es\/wp-json\/wp\/v2\/pages\/2164\/revisions"}],"predecessor-version":[{"id":5293,"href":"https:\/\/ltechcomposite.com\/es\/wp-json\/wp\/v2\/pages\/2164\/revisions\/5293"}],"wp:attachment":[{"href":"https:\/\/ltechcomposite.com\/es\/wp-json\/wp\/v2\/media?parent=2164"}],"curies":[{"name":"wp","href":"https:\/\/api.w.org\/{rel}","templated":true}]}}