{"id":627,"date":"2025-06-12T03:04:16","date_gmt":"2025-06-12T03:04:16","guid":{"rendered":"https:\/\/ltechcomposite.com\/product\/14-fhd-ultrabook-400-nits-with-10th-gen-intel-i7-10510u-processor-up-to-4-90-ghz-1-tb-pcie-ssd-16gb-ram-and-windows-11-pro\/"},"modified":"2025-10-02T02:59:24","modified_gmt":"2025-10-02T02:59:24","slug":"xps-sandwichplatte","status":"publish","type":"product","link":"https:\/\/ltechcomposite.com\/de\/produkt\/xps-sandwichplatte\/","title":{"rendered":"XPS-Sandwichplatte"},"content":{"rendered":"<p>XPS-Schaumkern-Sandwichplatten geh\u00f6ren zu den beliebtesten Materialien f\u00fcr LKW-Karosserieteile. GFK ist das am h\u00e4ufigsten verwendete Au\u00dfenhautmaterial. Das bemerkenswerteste Merkmal von XPS-Sandwichplatten ist, dass XPS-Schaum die Vorteile von geringem Gewicht, geringer Wasseraufnahme und W\u00e4rmeleitf\u00e4higkeit bietet. Insbesondere bei K\u00fchlfahrzeugen werden diese Vorteile voll ausgenutzt.<\/p>\n<ul>\n<li>Gute W\u00e4rmed\u00e4mmung und W\u00e4rmespeicherleistung.<\/li>\n<li>Hohe Festigkeit: Verbundhaut zu einem hochfesten Sandwichpaneel<\/li>\n<li>Langlebig: korrodiert oder altert nicht so leicht<\/li>\n<li>Stark: l\u00e4sst sich nicht leicht verformen und komprimieren<\/li>\n<li>Durch die Isolierung wird das Ein- und Austreten von Luft verhindert.<\/li>\n<li>Nicht saugf\u00e4hig: Eine geschlossenzellige Struktur verhindert die Wasseraufnahme.<\/li>\n<li>Chemisch stabil und auf lange Lebensdauer ausgelegt.<\/li>\n<\/ul>\n<p>&nbsp;<\/p>\n<p>Anpassung<\/p>\n<p>Oberfl\u00e4chenhaut: FRP-Haut<\/p>\n<p>Gr\u00f6\u00dfe: L\u00e4nge \u2264 12 m, Breite \u2264 3,2 m, Dicke: 20 mm ~ 120 mm.<\/p>\n<p>Dichte: 25~45kg\/m\u00b3<\/p>\n<p>Farbanpassung: Gelb, Gr\u00fcn, Blau.<\/p>\n<p>Hautfarbe: nach RAL<\/p>\n<p>Druckfestigkeit: Abstimmung der Dichte und des Schaummittelanteils<\/p>\n<h2><img fetchpriority=\"high\" decoding=\"async\" class=\"alignnone size-full wp-image-3869\" src=\"https:\/\/ltechcomposite.com\/wp-content\/uploads\/2025\/06\/001-3.png\" alt=\"\" width=\"750\" height=\"500\" srcset=\"https:\/\/ltechcomposite.com\/wp-content\/uploads\/2025\/06\/001-3.png 750w, https:\/\/ltechcomposite.com\/wp-content\/uploads\/2025\/06\/001-3-300x200.png 300w, https:\/\/ltechcomposite.com\/wp-content\/uploads\/2025\/06\/001-3-18x12.png 18w, https:\/\/ltechcomposite.com\/wp-content\/uploads\/2025\/06\/001-3-600x400.png 600w\" sizes=\"(max-width: 750px) 100vw, 750px\" \/><\/h2>\n<h2><strong><b>Produktstruktur<\/b><\/strong><\/h2>\n<table>\n<tbody>\n<tr>\n<td width=\"177\">Parameter<\/td>\n<td width=\"620\">Beschreibung<\/td>\n<\/tr>\n<tr>\n<td width=\"177\">Dicke<\/td>\n<td width=\"620\">10~140 mm<\/td>\n<\/tr>\n<tr>\n<td width=\"177\">Ma\u00dfe<\/td>\n<td width=\"620\">Max 360 x 1200 cm<\/td>\n<\/tr>\n<tr>\n<td width=\"177\">Kernmaterial<\/td>\n<td width=\"620\">XPS-Schaum<\/td>\n<\/tr>\n<tr>\n<td width=\"177\">Hautmaterial<\/td>\n<td width=\"620\">FRP (0,7~5,0 mm),<\/td>\n<\/tr>\n<tr>\n<td width=\"177\">Kerndichte<\/td>\n<td width=\"620\">28~55 kg\/m\u00b3<\/td>\n<\/tr>\n<tr>\n<td width=\"177\">Hautfarbe<\/td>\n<td width=\"620\">RAL-Serie<\/td>\n<\/tr>\n<\/tbody>\n<\/table>\n<h2><strong><b>Produktstruktur<\/b><\/strong><\/h2>\n<table>\n<tbody>\n<tr>\n<td width=\"208\">Parameter<\/td>\n<td width=\"578\">Beschreibung<\/td>\n<\/tr>\n<tr>\n<td width=\"208\">Dichte<\/td>\n<td width=\"578\">33-50 kg\/m\u00b3<\/td>\n<\/tr>\n<tr>\n<td width=\"208\">Druckfestigkeit<\/td>\n<td width=\"578\">500-700 kPa<\/td>\n<\/tr>\n<tr>\n<td width=\"208\">W\u00e4rmeleitf\u00e4higkeit<\/td>\n<td width=\"578\">0,028\u20130,035 W\/(m\u00b7K)<\/td>\n<\/tr>\n<tr>\n<td width=\"208\">R-Wert<\/td>\n<td width=\"578\">~5 pro Zoll<\/td>\n<\/tr>\n<tr>\n<td width=\"208\">Wasseraufnahme<\/td>\n<td width=\"578\">&lt;1% (geschlossenzellige Struktur)<\/td>\n<\/tr>\n<tr>\n<td width=\"208\">Feuerwiderstandsklasse<\/td>\n<td width=\"578\">B1\/B2 (China-Standard)<\/td>\n<\/tr>\n<tr>\n<td width=\"208\">Betriebstemperatur<\/td>\n<td width=\"578\">-50 \u00b0C bis 75 \u00b0C<\/td>\n<\/tr>\n<\/tbody>\n<\/table>\n<p>&nbsp;<\/p>\n<p><strong><b>Anwendung<\/b><\/strong><\/p>\n<p><strong><b> <img decoding=\"async\" class=\"alignnone size-full wp-image-3870\" src=\"https:\/\/ltechcomposite.com\/wp-content\/uploads\/2025\/06\/002-2.png\" alt=\"\" width=\"750\" height=\"750\" srcset=\"https:\/\/ltechcomposite.com\/wp-content\/uploads\/2025\/06\/002-2.png 750w, https:\/\/ltechcomposite.com\/wp-content\/uploads\/2025\/06\/002-2-300x300.png 300w, https:\/\/ltechcomposite.com\/wp-content\/uploads\/2025\/06\/002-2-150x150.png 150w, https:\/\/ltechcomposite.com\/wp-content\/uploads\/2025\/06\/002-2-12x12.png 12w, https:\/\/ltechcomposite.com\/wp-content\/uploads\/2025\/06\/002-2-600x600.png 600w, https:\/\/ltechcomposite.com\/wp-content\/uploads\/2025\/06\/002-2-100x100.png 100w\" sizes=\"(max-width: 750px) 100vw, 750px\" \/><\/b><\/strong><\/p>","protected":false},"excerpt":{"rendered":"<p>XPS-Schaumkern-Sandwichplatten geh\u00f6ren zu den beliebtesten Materialien f\u00fcr LKW-Karosserieteile. GFK ist das am h\u00e4ufigsten verwendete Au\u00dfenhautmaterial. Das bemerkenswerteste Merkmal von XPS-Sandwichplatten ist, dass XPS-Schaum die Vorteile von geringem Gewicht, geringer Wasseraufnahme und W\u00e4rmeleitf\u00e4higkeit bietet. Insbesondere bei K\u00fchlfahrzeugen werden diese Vorteile voll ausgenutzt.<\/p>","protected":false},"featured_media":3877,"template":"","meta":{"site-sidebar-layout":"default","site-content-layout":"default","ast-site-content-layout":"default","site-content-style":"default","site-sidebar-style":"default","ast-global-header-display":"","ast-banner-title-visibility":"","ast-main-header-display":"","ast-hfb-above-header-display":"","ast-hfb-below-header-display":"","ast-hfb-mobile-header-display":"","site-post-title":"","ast-breadcrumbs-content":"","ast-featured-img":"","footer-sml-layout":"","ast-disable-related-posts":"","theme-transparent-header-meta":"default","adv-header-id-meta":"","stick-header-meta":"default","header-above-stick-meta":"","header-main-stick-meta":"","header-below-stick-meta":"","astra-migrate-meta-layouts":"set","ast-page-background-enabled":"default","ast-page-background-meta":{"desktop":{"background-color":"var(--ast-global-color-4)","background-image":"","background-repeat":"repeat","background-position":"center center","background-size":"auto","background-attachment":"scroll","background-type":"","background-media":"","overlay-type":"","overlay-color":"","overlay-opacity":"","overlay-gradient":""},"tablet":{"background-color":"","background-image":"","background-repeat":"repeat","background-position":"center center","background-size":"auto","background-attachment":"scroll","background-type":"","background-media":"","overlay-type":"","overlay-color":"","overlay-opacity":"","overlay-gradient":""},"mobile":{"background-color":"","background-image":"","background-repeat":"repeat","background-position":"center center","background-size":"auto","background-attachment":"scroll","background-type":"","background-media":"","overlay-type":"","overlay-color":"","overlay-opacity":"","overlay-gradient":""}},"ast-content-background-meta":{"desktop":{"background-color":"var(--ast-global-color-5)","background-image":"","background-repeat":"repeat","background-position":"center center","background-size":"auto","background-attachment":"scroll","background-type":"","background-media":"","overlay-type":"","overlay-color":"","overlay-opacity":"","overlay-gradient":""},"tablet":{"background-color":"var(--ast-global-color-5)","background-image":"","background-repeat":"repeat","background-position":"center center","background-size":"auto","background-attachment":"scroll","background-type":"","background-media":"","overlay-type":"","overlay-color":"","overlay-opacity":"","overlay-gradient":""},"mobile":{"background-color":"var(--ast-global-color-5)","background-image":"","background-repeat":"repeat","background-position":"center center","background-size":"auto","background-attachment":"scroll","background-type":"","background-media":"","overlay-type":"","overlay-color":"","overlay-opacity":"","overlay-gradient":""}}},"product_brand":[],"product_cat":[15,16,17],"product_tag":[],"class_list":{"0":"post-627","1":"product","2":"type-product","3":"status-publish","4":"has-post-thumbnail","6":"product_cat-foam-core-panels","7":"product_cat-frp-sheets","8":"product_cat-structural-core-materials","9":"desktop-align-left","10":"tablet-align-left","11":"mobile-align-left","12":"ast-product-gallery-layout-horizontal","13":"ast-product-tabs-layout-horizontal","15":"first","16":"instock","17":"shipping-taxable","18":"purchasable","19":"product-type-simple"},"_links":{"self":[{"href":"https:\/\/ltechcomposite.com\/de\/wp-json\/wp\/v2\/product\/627","targetHints":{"allow":["GET"]}}],"collection":[{"href":"https:\/\/ltechcomposite.com\/de\/wp-json\/wp\/v2\/product"}],"about":[{"href":"https:\/\/ltechcomposite.com\/de\/wp-json\/wp\/v2\/types\/product"}],"version-history":[{"count":2,"href":"https:\/\/ltechcomposite.com\/de\/wp-json\/wp\/v2\/product\/627\/revisions"}],"predecessor-version":[{"id":3899,"href":"https:\/\/ltechcomposite.com\/de\/wp-json\/wp\/v2\/product\/627\/revisions\/3899"}],"wp:featuredmedia":[{"embeddable":true,"href":"https:\/\/ltechcomposite.com\/de\/wp-json\/wp\/v2\/media\/3877"}],"wp:attachment":[{"href":"https:\/\/ltechcomposite.com\/de\/wp-json\/wp\/v2\/media?parent=627"}],"wp:term":[{"taxonomy":"product_brand","embeddable":true,"href":"https:\/\/ltechcomposite.com\/de\/wp-json\/wp\/v2\/product_brand?post=627"},{"taxonomy":"product_cat","embeddable":true,"href":"https:\/\/ltechcomposite.com\/de\/wp-json\/wp\/v2\/product_cat?post=627"},{"taxonomy":"product_tag","embeddable":true,"href":"https:\/\/ltechcomposite.com\/de\/wp-json\/wp\/v2\/product_tag?post=627"}],"curies":[{"name":"wp","href":"https:\/\/api.w.org\/{rel}","templated":true}]}}