{"id":621,"date":"2025-06-12T03:04:16","date_gmt":"2025-06-12T03:04:16","guid":{"rendered":"https:\/\/ltechcomposite.com\/product\/microwave-oven-with-smart-sensor-easy-clean-interior-eco-mode-1-2-cu-ft-stainless-steel\/"},"modified":"2025-10-02T02:59:10","modified_gmt":"2025-10-02T02:59:10","slug":"pp-wabenplatte","status":"publish","type":"product","link":"https:\/\/ltechcomposite.com\/de\/produkt\/pp-wabenplatte\/","title":{"rendered":"PP-Wabenplatte"},"content":{"rendered":"<p>PP-Hohlplatten bestehen aus Polypropylen. Sie sind leicht (Hohlstruktur), ungiftig, wasserdicht, sto\u00dffest, langlebig<br \/>\nLebensdauer, korrosionsbest\u00e4ndiges Material. Im Vergleich zu Karton ist es wasserdicht, farbecht und korrosionsbest\u00e4ndig. Es eignet sich ideal als F\u00fcllmaterial f\u00fcr Transporteraufbauten im Logistik- und Expressbereich, als Kofferraummatte, f\u00fcr Verpackungen, Werbezwecke, im Baugewerbe und in der Landwirtschaft.<\/p>\n<p>PP-Polypropylenwaben werden mit oder ohne Polyestervlies f\u00fcr eine bessere Haftung geliefert. Sie werden au\u00dferdem mit oder ohne Folienbarriere unter dem Polyestervlies geliefert, um den Harzverbrauch zu begrenzen.<\/p>\n<p><img fetchpriority=\"high\" decoding=\"async\" class=\"alignnone size-full wp-image-3488\" src=\"https:\/\/ltechcomposite.com\/wp-content\/uploads\/2025\/06\/001-2.png\" alt=\"\" width=\"800\" height=\"800\" srcset=\"https:\/\/ltechcomposite.com\/wp-content\/uploads\/2025\/06\/001-2.png 800w, https:\/\/ltechcomposite.com\/wp-content\/uploads\/2025\/06\/001-2-300x300.png 300w, https:\/\/ltechcomposite.com\/wp-content\/uploads\/2025\/06\/001-2-150x150.png 150w, https:\/\/ltechcomposite.com\/wp-content\/uploads\/2025\/06\/001-2-768x768.png 768w, https:\/\/ltechcomposite.com\/wp-content\/uploads\/2025\/06\/001-2-12x12.png 12w, https:\/\/ltechcomposite.com\/wp-content\/uploads\/2025\/06\/001-2-600x600.png 600w, https:\/\/ltechcomposite.com\/wp-content\/uploads\/2025\/06\/001-2-100x100.png 100w\" sizes=\"(max-width: 800px) 100vw, 800px\" \/> <img decoding=\"async\" class=\"alignnone size-full wp-image-3491\" src=\"https:\/\/ltechcomposite.com\/wp-content\/uploads\/2025\/06\/002-1.png\" alt=\"\" width=\"1000\" height=\"944\" srcset=\"https:\/\/ltechcomposite.com\/wp-content\/uploads\/2025\/06\/002-1.png 1000w, https:\/\/ltechcomposite.com\/wp-content\/uploads\/2025\/06\/002-1-300x283.png 300w, https:\/\/ltechcomposite.com\/wp-content\/uploads\/2025\/06\/002-1-768x725.png 768w, https:\/\/ltechcomposite.com\/wp-content\/uploads\/2025\/06\/002-1-13x12.png 13w, https:\/\/ltechcomposite.com\/wp-content\/uploads\/2025\/06\/002-1-600x566.png 600w\" sizes=\"(max-width: 1000px) 100vw, 1000px\" \/> <img decoding=\"async\" class=\"alignnone size-full wp-image-3494\" src=\"https:\/\/ltechcomposite.com\/wp-content\/uploads\/2025\/06\/003-1.png\" alt=\"\" width=\"780\" height=\"567\" srcset=\"https:\/\/ltechcomposite.com\/wp-content\/uploads\/2025\/06\/003-1.png 780w, https:\/\/ltechcomposite.com\/wp-content\/uploads\/2025\/06\/003-1-300x218.png 300w, https:\/\/ltechcomposite.com\/wp-content\/uploads\/2025\/06\/003-1-768x558.png 768w, https:\/\/ltechcomposite.com\/wp-content\/uploads\/2025\/06\/003-1-18x12.png 18w, https:\/\/ltechcomposite.com\/wp-content\/uploads\/2025\/06\/003-1-600x436.png 600w\" sizes=\"(max-width: 780px) 100vw, 780px\" \/> <img loading=\"lazy\" decoding=\"async\" class=\"alignnone size-full wp-image-3497\" src=\"https:\/\/ltechcomposite.com\/wp-content\/uploads\/2025\/06\/004-1.png\" alt=\"\" width=\"1000\" height=\"495\" srcset=\"https:\/\/ltechcomposite.com\/wp-content\/uploads\/2025\/06\/004-1.png 1000w, https:\/\/ltechcomposite.com\/wp-content\/uploads\/2025\/06\/004-1-300x149.png 300w, https:\/\/ltechcomposite.com\/wp-content\/uploads\/2025\/06\/004-1-768x380.png 768w, https:\/\/ltechcomposite.com\/wp-content\/uploads\/2025\/06\/004-1-18x9.png 18w, https:\/\/ltechcomposite.com\/wp-content\/uploads\/2025\/06\/004-1-600x297.png 600w\" sizes=\"(max-width: 1000px) 100vw, 1000px\" \/> <img loading=\"lazy\" decoding=\"async\" class=\"alignnone size-full wp-image-3498\" src=\"https:\/\/ltechcomposite.com\/wp-content\/uploads\/2025\/06\/005.png\" alt=\"\" width=\"891\" height=\"891\" srcset=\"https:\/\/ltechcomposite.com\/wp-content\/uploads\/2025\/06\/005.png 891w, https:\/\/ltechcomposite.com\/wp-content\/uploads\/2025\/06\/005-300x300.png 300w, https:\/\/ltechcomposite.com\/wp-content\/uploads\/2025\/06\/005-150x150.png 150w, https:\/\/ltechcomposite.com\/wp-content\/uploads\/2025\/06\/005-768x768.png 768w, https:\/\/ltechcomposite.com\/wp-content\/uploads\/2025\/06\/005-12x12.png 12w, https:\/\/ltechcomposite.com\/wp-content\/uploads\/2025\/06\/005-600x600.png 600w, https:\/\/ltechcomposite.com\/wp-content\/uploads\/2025\/06\/005-100x100.png 100w\" sizes=\"(max-width: 891px) 100vw, 891px\" \/><\/p>\n<p><strong><b>HAUPTMERKMALE DES PRODUKTS<\/b><\/strong><\/p>\n<ul>\n<li>Hohes Verh\u00e4ltnis von Festigkeit zu Gewicht<br \/>\n\u2022 wasserdicht<br \/>\n\u2022 Korrosions-, Pilz-, F\u00e4ulnis-, Chemikalien- und Feuchtigkeitsbest\u00e4ndig<br \/>\n\u2022 Schall- und Vibrationsd\u00e4mpfung<br \/>\n\u2022 Energieabsorbierend<br \/>\n\u2022 Temperatureinsatzbereich bis 180 \u00b0F<br \/>\n\u2022 Recycelbar<\/li>\n<\/ul>\n<p><u>Anwendung<\/u><\/p>\n<p><img loading=\"lazy\" decoding=\"async\" class=\"alignnone size-full wp-image-3533\" src=\"https:\/\/ltechcomposite.com\/wp-content\/uploads\/2025\/06\/006-1.png\" alt=\"\" width=\"1000\" height=\"544\" srcset=\"https:\/\/ltechcomposite.com\/wp-content\/uploads\/2025\/06\/006-1.png 1000w, https:\/\/ltechcomposite.com\/wp-content\/uploads\/2025\/06\/006-1-300x163.png 300w, https:\/\/ltechcomposite.com\/wp-content\/uploads\/2025\/06\/006-1-768x418.png 768w, https:\/\/ltechcomposite.com\/wp-content\/uploads\/2025\/06\/006-1-18x10.png 18w, https:\/\/ltechcomposite.com\/wp-content\/uploads\/2025\/06\/006-1-600x326.png 600w\" sizes=\"(max-width: 1000px) 100vw, 1000px\" \/><\/p>\n<p><u>Verpackung &amp; Lieferung<\/u><\/p>\n<p><img loading=\"lazy\" decoding=\"async\" class=\"alignnone size-full wp-image-3534\" src=\"https:\/\/ltechcomposite.com\/wp-content\/uploads\/2025\/06\/007-1.png\" alt=\"\" width=\"516\" height=\"341\" srcset=\"https:\/\/ltechcomposite.com\/wp-content\/uploads\/2025\/06\/007-1.png 516w, https:\/\/ltechcomposite.com\/wp-content\/uploads\/2025\/06\/007-1-300x198.png 300w, https:\/\/ltechcomposite.com\/wp-content\/uploads\/2025\/06\/007-1-18x12.png 18w\" sizes=\"(max-width: 516px) 100vw, 516px\" \/> <img loading=\"lazy\" decoding=\"async\" class=\"alignnone size-full wp-image-3535\" src=\"https:\/\/ltechcomposite.com\/wp-content\/uploads\/2025\/06\/008-1.png\" alt=\"\" width=\"454\" height=\"436\" srcset=\"https:\/\/ltechcomposite.com\/wp-content\/uploads\/2025\/06\/008-1.png 454w, https:\/\/ltechcomposite.com\/wp-content\/uploads\/2025\/06\/008-1-300x288.png 300w, https:\/\/ltechcomposite.com\/wp-content\/uploads\/2025\/06\/008-1-12x12.png 12w\" sizes=\"(max-width: 454px) 100vw, 454px\" \/><\/p>","protected":false},"excerpt":{"rendered":"<p>PP-Hohlplatten bestehen aus Polypropylen. Sie sind leicht (Hohlstruktur), ungiftig, wasserdicht, sto\u00dffest, langlebig<br \/>\nLebensdauer, korrosionsbest\u00e4ndiges Material. Im Vergleich zu Karton ist es wasserdicht, farbecht und korrosionsbest\u00e4ndig. Es eignet sich ideal als F\u00fcllmaterial f\u00fcr Transporteraufbauten im Logistik- und Expressbereich, als Kofferraummatte, f\u00fcr Verpackungen, Werbezwecke, im Baugewerbe und in der Landwirtschaft.<\/p>","protected":false},"featured_media":3374,"template":"","meta":{"site-sidebar-layout":"default","site-content-layout":"default","ast-site-content-layout":"default","site-content-style":"default","site-sidebar-style":"default","ast-global-header-display":"","ast-banner-title-visibility":"","ast-main-header-display":"","ast-hfb-above-header-display":"","ast-hfb-below-header-display":"","ast-hfb-mobile-header-display":"","site-post-title":"","ast-breadcrumbs-content":"","ast-featured-img":"","footer-sml-layout":"","ast-disable-related-posts":"","theme-transparent-header-meta":"default","adv-header-id-meta":"","stick-header-meta":"default","header-above-stick-meta":"","header-main-stick-meta":"","header-below-stick-meta":"","astra-migrate-meta-layouts":"set","ast-page-background-enabled":"default","ast-page-background-meta":{"desktop":{"background-color":"var(--ast-global-color-4)","background-image":"","background-repeat":"repeat","background-position":"center center","background-size":"auto","background-attachment":"scroll","background-type":"","background-media":"","overlay-type":"","overlay-color":"","overlay-opacity":"","overlay-gradient":""},"tablet":{"background-color":"","background-image":"","background-repeat":"repeat","background-position":"center center","background-size":"auto","background-attachment":"scroll","background-type":"","background-media":"","overlay-type":"","overlay-color":"","overlay-opacity":"","overlay-gradient":""},"mobile":{"background-color":"","background-image":"","background-repeat":"repeat","background-position":"center center","background-size":"auto","background-attachment":"scroll","background-type":"","background-media":"","overlay-type":"","overlay-color":"","overlay-opacity":"","overlay-gradient":""}},"ast-content-background-meta":{"desktop":{"background-color":"var(--ast-global-color-5)","background-image":"","background-repeat":"repeat","background-position":"center center","background-size":"auto","background-attachment":"scroll","background-type":"","background-media":"","overlay-type":"","overlay-color":"","overlay-opacity":"","overlay-gradient":""},"tablet":{"background-color":"var(--ast-global-color-5)","background-image":"","background-repeat":"repeat","background-position":"center center","background-size":"auto","background-attachment":"scroll","background-type":"","background-media":"","overlay-type":"","overlay-color":"","overlay-opacity":"","overlay-gradient":""},"mobile":{"background-color":"var(--ast-global-color-5)","background-image":"","background-repeat":"repeat","background-position":"center center","background-size":"auto","background-attachment":"scroll","background-type":"","background-media":"","overlay-type":"","overlay-color":"","overlay-opacity":"","overlay-gradient":""}}},"product_brand":[],"product_cat":[15,23,17],"product_tag":[],"class_list":{"0":"post-621","1":"product","2":"type-product","3":"status-publish","4":"has-post-thumbnail","6":"product_cat-foam-core-panels","7":"product_cat-honeycomb-core-panels","8":"product_cat-structural-core-materials","9":"desktop-align-left","10":"tablet-align-left","11":"mobile-align-left","12":"ast-product-gallery-layout-horizontal","13":"ast-product-tabs-layout-horizontal","15":"first","16":"instock","17":"sale","18":"shipping-taxable","19":"purchasable","20":"product-type-simple"},"_links":{"self":[{"href":"https:\/\/ltechcomposite.com\/de\/wp-json\/wp\/v2\/product\/621","targetHints":{"allow":["GET"]}}],"collection":[{"href":"https:\/\/ltechcomposite.com\/de\/wp-json\/wp\/v2\/product"}],"about":[{"href":"https:\/\/ltechcomposite.com\/de\/wp-json\/wp\/v2\/types\/product"}],"version-history":[{"count":2,"href":"https:\/\/ltechcomposite.com\/de\/wp-json\/wp\/v2\/product\/621\/revisions"}],"predecessor-version":[{"id":3536,"href":"https:\/\/ltechcomposite.com\/de\/wp-json\/wp\/v2\/product\/621\/revisions\/3536"}],"wp:featuredmedia":[{"embeddable":true,"href":"https:\/\/ltechcomposite.com\/de\/wp-json\/wp\/v2\/media\/3374"}],"wp:attachment":[{"href":"https:\/\/ltechcomposite.com\/de\/wp-json\/wp\/v2\/media?parent=621"}],"wp:term":[{"taxonomy":"product_brand","embeddable":true,"href":"https:\/\/ltechcomposite.com\/de\/wp-json\/wp\/v2\/product_brand?post=621"},{"taxonomy":"product_cat","embeddable":true,"href":"https:\/\/ltechcomposite.com\/de\/wp-json\/wp\/v2\/product_cat?post=621"},{"taxonomy":"product_tag","embeddable":true,"href":"https:\/\/ltechcomposite.com\/de\/wp-json\/wp\/v2\/product_tag?post=621"}],"curies":[{"name":"wp","href":"https:\/\/api.w.org\/{rel}","templated":true}]}}