{"id":618,"date":"2025-06-12T03:04:16","date_gmt":"2025-06-12T03:04:16","guid":{"rendered":"https:\/\/ltechcomposite.com\/product\/full-automatic-compact-washer-with-wheels-1-6-cu-ft-11-lbs-capacity-with-6-wash-programs-washer\/"},"modified":"2025-10-02T02:58:51","modified_gmt":"2025-10-02T02:58:51","slug":"kern-aus-pet-schaum","status":"publish","type":"product","link":"https:\/\/ltechcomposite.com\/de\/produkt\/kern-aus-pet-schaum\/","title":{"rendered":"PET-Schaumkern"},"content":{"rendered":"<p>PET ist ein geschlossenzelliger, thermoplastischer, erneuerbarer Polymerschaum mit ausgezeichneter mechanischer und Erm\u00fcdungsbest\u00e4ndigkeit, chemischer Stabilit\u00e4t, UV-Schutz und geringer Wasseraufnahme. Es ist chemisch stabil unter Hochtemperaturprozessbedingungen und nach der Aush\u00e4rtung und weist eine gute Kompatibilit\u00e4t mit den meisten g\u00e4ngigen Harzen und Herstellungsprozessen auf.<\/p>\n<h3><strong>Produkteigenschaften<\/strong><\/h3>\n<p>1: Hervorragende mechanische Eigenschaften (Zugfestigkeit, Druckfestigkeit, Schlagfestigkeit usw.)<br \/>\n2: Ausgezeichnete Erm\u00fcdungsbest\u00e4ndigkeit<br \/>\n3: Es f\u00f6rdert die Wiederholbarkeit der Produktion<br \/>\n4: Hervorragende Best\u00e4ndigkeit gegen hohe und niedrige Temperaturen<br \/>\n5: Kleine Schwankungen in den Produkteigenschaften k\u00f6nnen die Prozessstabilit\u00e4t verbessern<\/p>\n<p><img fetchpriority=\"high\" decoding=\"async\" class=\"alignnone size-full wp-image-3201\" src=\"https:\/\/ltechcomposite.com\/wp-content\/uploads\/2025\/06\/001-1.png\" alt=\"\" width=\"761\" height=\"466\" srcset=\"https:\/\/ltechcomposite.com\/wp-content\/uploads\/2025\/06\/001-1.png 761w, https:\/\/ltechcomposite.com\/wp-content\/uploads\/2025\/06\/001-1-300x184.png 300w, https:\/\/ltechcomposite.com\/wp-content\/uploads\/2025\/06\/001-1-18x12.png 18w, https:\/\/ltechcomposite.com\/wp-content\/uploads\/2025\/06\/001-1-600x367.png 600w\" sizes=\"(max-width: 761px) 100vw, 761px\" \/><\/p>","protected":false},"excerpt":{"rendered":"<p>PET ist ein geschlossenzelliger, thermoplastischer, erneuerbarer Polymerschaum mit ausgezeichneter mechanischer und Erm\u00fcdungsbest\u00e4ndigkeit, chemischer Stabilit\u00e4t, UV-Schutz und geringer Wasseraufnahme. Es ist chemisch stabil unter Hochtemperaturprozessbedingungen und nach der Aush\u00e4rtung und weist eine gute Kompatibilit\u00e4t mit den meisten g\u00e4ngigen Harzen und Herstellungsprozessen auf.<\/p>","protected":false},"featured_media":3252,"template":"","meta":{"site-sidebar-layout":"default","site-content-layout":"default","ast-site-content-layout":"default","site-content-style":"default","site-sidebar-style":"default","ast-global-header-display":"","ast-banner-title-visibility":"","ast-main-header-display":"","ast-hfb-above-header-display":"","ast-hfb-below-header-display":"","ast-hfb-mobile-header-display":"","site-post-title":"","ast-breadcrumbs-content":"","ast-featured-img":"","footer-sml-layout":"","ast-disable-related-posts":"","theme-transparent-header-meta":"default","adv-header-id-meta":"","stick-header-meta":"default","header-above-stick-meta":"","header-main-stick-meta":"","header-below-stick-meta":"","astra-migrate-meta-layouts":"set","ast-page-background-enabled":"default","ast-page-background-meta":{"desktop":{"background-color":"var(--ast-global-color-4)","background-image":"","background-repeat":"repeat","background-position":"center center","background-size":"auto","background-attachment":"scroll","background-type":"","background-media":"","overlay-type":"","overlay-color":"","overlay-opacity":"","overlay-gradient":""},"tablet":{"background-color":"","background-image":"","background-repeat":"repeat","background-position":"center center","background-size":"auto","background-attachment":"scroll","background-type":"","background-media":"","overlay-type":"","overlay-color":"","overlay-opacity":"","overlay-gradient":""},"mobile":{"background-color":"","background-image":"","background-repeat":"repeat","background-position":"center center","background-size":"auto","background-attachment":"scroll","background-type":"","background-media":"","overlay-type":"","overlay-color":"","overlay-opacity":"","overlay-gradient":""}},"ast-content-background-meta":{"desktop":{"background-color":"var(--ast-global-color-5)","background-image":"","background-repeat":"repeat","background-position":"center center","background-size":"auto","background-attachment":"scroll","background-type":"","background-media":"","overlay-type":"","overlay-color":"","overlay-opacity":"","overlay-gradient":""},"tablet":{"background-color":"var(--ast-global-color-5)","background-image":"","background-repeat":"repeat","background-position":"center center","background-size":"auto","background-attachment":"scroll","background-type":"","background-media":"","overlay-type":"","overlay-color":"","overlay-opacity":"","overlay-gradient":""},"mobile":{"background-color":"var(--ast-global-color-5)","background-image":"","background-repeat":"repeat","background-position":"center center","background-size":"auto","background-attachment":"scroll","background-type":"","background-media":"","overlay-type":"","overlay-color":"","overlay-opacity":"","overlay-gradient":""}}},"product_brand":[],"product_cat":[15,16,23],"product_tag":[],"class_list":{"0":"post-618","1":"product","2":"type-product","3":"status-publish","4":"has-post-thumbnail","6":"product_cat-foam-core-panels","7":"product_cat-frp-sheets","8":"product_cat-honeycomb-core-panels","9":"desktop-align-left","10":"tablet-align-left","11":"mobile-align-left","12":"ast-product-gallery-layout-horizontal","13":"ast-product-tabs-layout-horizontal","15":"first","16":"instock","17":"sale","18":"shipping-taxable","19":"purchasable","20":"product-type-simple"},"_links":{"self":[{"href":"https:\/\/ltechcomposite.com\/de\/wp-json\/wp\/v2\/product\/618","targetHints":{"allow":["GET"]}}],"collection":[{"href":"https:\/\/ltechcomposite.com\/de\/wp-json\/wp\/v2\/product"}],"about":[{"href":"https:\/\/ltechcomposite.com\/de\/wp-json\/wp\/v2\/types\/product"}],"version-history":[{"count":2,"href":"https:\/\/ltechcomposite.com\/de\/wp-json\/wp\/v2\/product\/618\/revisions"}],"predecessor-version":[{"id":3295,"href":"https:\/\/ltechcomposite.com\/de\/wp-json\/wp\/v2\/product\/618\/revisions\/3295"}],"wp:featuredmedia":[{"embeddable":true,"href":"https:\/\/ltechcomposite.com\/de\/wp-json\/wp\/v2\/media\/3252"}],"wp:attachment":[{"href":"https:\/\/ltechcomposite.com\/de\/wp-json\/wp\/v2\/media?parent=618"}],"wp:term":[{"taxonomy":"product_brand","embeddable":true,"href":"https:\/\/ltechcomposite.com\/de\/wp-json\/wp\/v2\/product_brand?post=618"},{"taxonomy":"product_cat","embeddable":true,"href":"https:\/\/ltechcomposite.com\/de\/wp-json\/wp\/v2\/product_cat?post=618"},{"taxonomy":"product_tag","embeddable":true,"href":"https:\/\/ltechcomposite.com\/de\/wp-json\/wp\/v2\/product_tag?post=618"}],"curies":[{"name":"wp","href":"https:\/\/api.w.org\/{rel}","templated":true}]}}