{"id":617,"date":"2025-06-12T03:04:16","date_gmt":"2025-06-12T03:04:16","guid":{"rendered":"https:\/\/ltechcomposite.com\/product\/small-space-heat-pump-dryer-with-sensor-dry-12-preset-machine-cycles-40-minute-express-drying\/"},"modified":"2025-10-02T02:58:51","modified_gmt":"2025-10-02T02:58:51","slug":"gfk-gelcoatplatte","status":"publish","type":"product","link":"https:\/\/ltechcomposite.com\/de\/produkt\/gfk-gelcoatplatte\/","title":{"rendered":"FRP-Gelcoat-Platte"},"content":{"rendered":"<p>FRP-Platten (glasfaserverst\u00e4rkter Kunststoff) sind ein duroplastischer Verbundwerkstoff, der durch die Verbundverarbeitung von Harz und Glasfaser entsteht. Als neuartiger Werkstoff haben FRP-Platten in vielen Bereichen herk\u00f6mmliche Metallwerkstoffe ersetzt. Der Durchmesser von Glasfaser ist minimal, in der Regel weniger als 10 Mikrometer, und es handelt sich um ein spr\u00f6des Material, das leicht besch\u00e4digt, gebrochen und besch\u00e4digt werden kann. Die meisten glasfaserverst\u00e4rkten Materialien liegen in Form von Matten und Geweben vor.<\/p>\n<h3>Produktparameter<\/h3>\n<p>Dicke: 0,7~8,0 mm.<\/p>\n<p>L\u00e4nge: Die L\u00e4nge der gewalzten Materialien kann 200 m erreichen (mit einer Dicke \u2264 3,0 mm<\/p>\n<p>Breite: Sie liegt normalerweise unter 2,8 Metern. Die maximal anpassbare Breite betr\u00e4gt 3,1 Meter<\/p>\n<p>Gelcoat-Farbe: RAL-Farbe.<\/p>\n<p>Oberfl\u00e4chenbehandlung: gl\u00e4nzend, matt.<\/p>\n<p>Glasfasergehalt: 40~70%.<\/p>\n<p>Fiberglastyp: Fiberglasmatte, Fiberglastuch.<\/p>\n<p>Harztyp: Unges\u00e4ttigtes Polyesterharz; Epoxidharz; Phenolharz.<\/p>\n<h3>Eigenschaften von Gelcoat-GFK-Platten<\/h3>\n<p>Wasserbest\u00e4ndigkeit: Gelcoat kann verwendet werden, um die Wasserbest\u00e4ndigkeit von GFK zu erh\u00f6hen, sodass es f\u00fcr Anwendungen geeignet ist, die Wasser- oder Feuchtigkeitsbest\u00e4ndigkeit erfordern.<\/p>\n<p>Korrosionsbest\u00e4ndigkeit: Eine Gelcoat-Beschichtung kann die Korrosionsbest\u00e4ndigkeit von GFK verbessern, sodass es in einer Umgebung, die chemischer Korrosion ausgesetzt ist, eine l\u00e4ngere Lebensdauer hat.<\/p>\n<p>\u00c4sthetik: Gelcoats k\u00f6nnen das Erscheinungsbild von GFK verbessern und sind in einer Vielzahl von Farb- und Oberfl\u00e4chenstrukturoptionen f\u00fcr dekorative oder \u00e4sthetische Zwecke erh\u00e4ltlich.<\/p>\n<p>Abriebfestigkeit: Gelcoat kann die Abriebfestigkeit von GFK erh\u00f6hen und seine Lebensdauer verl\u00e4ngern.<\/p>\n<h3>Anwendung von Gelcoat-GFK-Platten<\/h3>\n<p>Flaches Gelcoat-GFK wird \u00fcblicherweise als Au\u00dfenmaterial f\u00fcr Verbundplatten verwendet, beispielsweise f\u00fcr Geb\u00e4udewandplatten, Wohnmobil- und Kastenwagenaufbauten, M\u00f6belplatten usw.<\/p>\n<p><img fetchpriority=\"high\" decoding=\"async\" class=\"alignnone size-full wp-image-3190\" src=\"https:\/\/ltechcomposite.com\/wp-content\/uploads\/2025\/06\/001.png\" alt=\"\" width=\"579\" height=\"393\" srcset=\"https:\/\/ltechcomposite.com\/wp-content\/uploads\/2025\/06\/001.png 579w, https:\/\/ltechcomposite.com\/wp-content\/uploads\/2025\/06\/001-300x204.png 300w, https:\/\/ltechcomposite.com\/wp-content\/uploads\/2025\/06\/001-18x12.png 18w\" sizes=\"(max-width: 579px) 100vw, 579px\" \/> <img decoding=\"async\" class=\"alignnone wp-image-3191 size-full\" src=\"https:\/\/ltechcomposite.com\/wp-content\/uploads\/2025\/06\/002.png\" alt=\"\" width=\"290\" height=\"174\" srcset=\"https:\/\/ltechcomposite.com\/wp-content\/uploads\/2025\/06\/002.png 290w, https:\/\/ltechcomposite.com\/wp-content\/uploads\/2025\/06\/002-18x12.png 18w\" sizes=\"(max-width: 290px) 100vw, 290px\" \/> <img decoding=\"async\" class=\"alignnone size-full wp-image-3192\" src=\"https:\/\/ltechcomposite.com\/wp-content\/uploads\/2025\/06\/003-scaled.png\" alt=\"\" width=\"2560\" height=\"1440\" srcset=\"https:\/\/ltechcomposite.com\/wp-content\/uploads\/2025\/06\/003-scaled.png 2560w, https:\/\/ltechcomposite.com\/wp-content\/uploads\/2025\/06\/003-300x169.png 300w, https:\/\/ltechcomposite.com\/wp-content\/uploads\/2025\/06\/003-1024x576.png 1024w, https:\/\/ltechcomposite.com\/wp-content\/uploads\/2025\/06\/003-768x432.png 768w, https:\/\/ltechcomposite.com\/wp-content\/uploads\/2025\/06\/003-1536x864.png 1536w, https:\/\/ltechcomposite.com\/wp-content\/uploads\/2025\/06\/003-2048x1152.png 2048w, https:\/\/ltechcomposite.com\/wp-content\/uploads\/2025\/06\/003-18x10.png 18w, https:\/\/ltechcomposite.com\/wp-content\/uploads\/2025\/06\/003-600x338.png 600w\" sizes=\"(max-width: 2560px) 100vw, 2560px\" \/> <img loading=\"lazy\" decoding=\"async\" class=\"alignnone size-full wp-image-3193\" src=\"https:\/\/ltechcomposite.com\/wp-content\/uploads\/2025\/06\/004.png\" alt=\"\" width=\"576\" height=\"384\" srcset=\"https:\/\/ltechcomposite.com\/wp-content\/uploads\/2025\/06\/004.png 576w, https:\/\/ltechcomposite.com\/wp-content\/uploads\/2025\/06\/004-300x200.png 300w, https:\/\/ltechcomposite.com\/wp-content\/uploads\/2025\/06\/004-18x12.png 18w\" sizes=\"(max-width: 576px) 100vw, 576px\" \/><\/p>","protected":false},"excerpt":{"rendered":"<p>FRP-Platten (glasfaserverst\u00e4rkter Kunststoff) sind ein duroplastischer Verbundwerkstoff, der durch die Verbundverarbeitung von Harz und Glasfaser entsteht. Als neuartiger Werkstoff haben FRP-Platten in vielen Bereichen herk\u00f6mmliche Metallwerkstoffe ersetzt. Der Durchmesser von Glasfaser ist minimal, in der Regel weniger als 10 Mikrometer, und es handelt sich um ein spr\u00f6des Material, das leicht besch\u00e4digt, gebrochen und besch\u00e4digt werden kann. Die meisten glasfaserverst\u00e4rkten Materialien liegen in Form von Matten und Geweben vor.<\/p>","protected":false},"featured_media":3128,"template":"","meta":{"site-sidebar-layout":"default","site-content-layout":"default","ast-site-content-layout":"default","site-content-style":"default","site-sidebar-style":"default","ast-global-header-display":"","ast-banner-title-visibility":"","ast-main-header-display":"","ast-hfb-above-header-display":"","ast-hfb-below-header-display":"","ast-hfb-mobile-header-display":"","site-post-title":"","ast-breadcrumbs-content":"","ast-featured-img":"","footer-sml-layout":"","ast-disable-related-posts":"","theme-transparent-header-meta":"default","adv-header-id-meta":"","stick-header-meta":"default","header-above-stick-meta":"","header-main-stick-meta":"","header-below-stick-meta":"","astra-migrate-meta-layouts":"set","ast-page-background-enabled":"default","ast-page-background-meta":{"desktop":{"background-color":"var(--ast-global-color-4)","background-image":"","background-repeat":"repeat","background-position":"center center","background-size":"auto","background-attachment":"scroll","background-type":"","background-media":"","overlay-type":"","overlay-color":"","overlay-opacity":"","overlay-gradient":""},"tablet":{"background-color":"","background-image":"","background-repeat":"repeat","background-position":"center center","background-size":"auto","background-attachment":"scroll","background-type":"","background-media":"","overlay-type":"","overlay-color":"","overlay-opacity":"","overlay-gradient":""},"mobile":{"background-color":"","background-image":"","background-repeat":"repeat","background-position":"center center","background-size":"auto","background-attachment":"scroll","background-type":"","background-media":"","overlay-type":"","overlay-color":"","overlay-opacity":"","overlay-gradient":""}},"ast-content-background-meta":{"desktop":{"background-color":"var(--ast-global-color-5)","background-image":"","background-repeat":"repeat","background-position":"center center","background-size":"auto","background-attachment":"scroll","background-type":"","background-media":"","overlay-type":"","overlay-color":"","overlay-opacity":"","overlay-gradient":""},"tablet":{"background-color":"var(--ast-global-color-5)","background-image":"","background-repeat":"repeat","background-position":"center center","background-size":"auto","background-attachment":"scroll","background-type":"","background-media":"","overlay-type":"","overlay-color":"","overlay-opacity":"","overlay-gradient":""},"mobile":{"background-color":"var(--ast-global-color-5)","background-image":"","background-repeat":"repeat","background-position":"center center","background-size":"auto","background-attachment":"scroll","background-type":"","background-media":"","overlay-type":"","overlay-color":"","overlay-opacity":"","overlay-gradient":""}}},"product_brand":[],"product_cat":[15,16,23],"product_tag":[],"class_list":{"0":"post-617","1":"product","2":"type-product","3":"status-publish","4":"has-post-thumbnail","6":"product_cat-foam-core-panels","7":"product_cat-frp-sheets","8":"product_cat-honeycomb-core-panels","9":"desktop-align-left","10":"tablet-align-left","11":"mobile-align-left","12":"ast-product-gallery-layout-horizontal","13":"ast-product-tabs-layout-horizontal","15":"first","16":"instock","17":"shipping-taxable","18":"purchasable","19":"product-type-simple"},"_links":{"self":[{"href":"https:\/\/ltechcomposite.com\/de\/wp-json\/wp\/v2\/product\/617","targetHints":{"allow":["GET"]}}],"collection":[{"href":"https:\/\/ltechcomposite.com\/de\/wp-json\/wp\/v2\/product"}],"about":[{"href":"https:\/\/ltechcomposite.com\/de\/wp-json\/wp\/v2\/types\/product"}],"version-history":[{"count":2,"href":"https:\/\/ltechcomposite.com\/de\/wp-json\/wp\/v2\/product\/617\/revisions"}],"predecessor-version":[{"id":3194,"href":"https:\/\/ltechcomposite.com\/de\/wp-json\/wp\/v2\/product\/617\/revisions\/3194"}],"wp:featuredmedia":[{"embeddable":true,"href":"https:\/\/ltechcomposite.com\/de\/wp-json\/wp\/v2\/media\/3128"}],"wp:attachment":[{"href":"https:\/\/ltechcomposite.com\/de\/wp-json\/wp\/v2\/media?parent=617"}],"wp:term":[{"taxonomy":"product_brand","embeddable":true,"href":"https:\/\/ltechcomposite.com\/de\/wp-json\/wp\/v2\/product_brand?post=617"},{"taxonomy":"product_cat","embeddable":true,"href":"https:\/\/ltechcomposite.com\/de\/wp-json\/wp\/v2\/product_cat?post=617"},{"taxonomy":"product_tag","embeddable":true,"href":"https:\/\/ltechcomposite.com\/de\/wp-json\/wp\/v2\/product_tag?post=617"}],"curies":[{"name":"wp","href":"https:\/\/api.w.org\/{rel}","templated":true}]}}